{"id":39890,"date":"2025-06-08T13:22:36","date_gmt":"2025-06-08T18:22:36","guid":{"rendered":"https:\/\/zaziltunich.com\/?post_type=product&#038;p=39890"},"modified":"2025-07-22T11:40:54","modified_gmt":"2025-07-22T17:40:54","slug":"pedida-de-mano-sesion-cena-y-ceremonia-sencilla","status":"publish","type":"product","link":"https:\/\/zaziltunich.com\/en\/reservaciones\/pedida-de-mano-sesion-cena-y-ceremonia-sencilla\/","title":{"rendered":"Proposal, photos, dinner and simple ceremony"},"content":{"rendered":"<p data-start=\"632\" data-end=\"741\"><em data-start=\"632\" data-end=\"739\">\"There are moments that last forever. And proposing to the person you love... is one of them.\"<\/em><\/p>\n<p data-start=\"749\" data-end=\"895\"><em data-start=\"749\" data-end=\"893\">But where do you do it? In a restaurant? On a trip? Okay\u2026 but if what you want is for <strong data-start=\"848\" data-end=\"877\">be truly unforgettable<\/strong>, listen to this.<\/em><\/p>\n<p data-start=\"903\" data-end=\"1062\"><em data-start=\"903\" data-end=\"1060\">Imagine a cenote enclosed just for the two of you. Not a single tourist. Just you, the clear water, the soft echoes of the place, the natural light falling from above\u2026<\/em><\/p>\n<p data-start=\"1070\" data-end=\"1182\"><em data-start=\"1070\" data-end=\"1180\">You have two private hours there with your decorated proposal area. Upon making the proposal, you'll be treated to a Mayan union ceremony led by a Mayan priest, and at the end of the ceremony, a thrilling Mayan fire dance. After the dance, you'll enjoy a romantic candlelit dinner 20 meters underground. Two hours where everything stops. Where everything feels deeper. More real.<\/em><\/p>\n<p data-start=\"1190\" data-end=\"1342\"><em data-start=\"1190\" data-end=\"1340\">And while you give her the ring... someone is capturing every moment with professional photos. Everything is ready. You don't have to worry about a thing.<\/em><\/p>\n<p data-start=\"1350\" data-end=\"1465\"><em data-start=\"1350\" data-end=\"1463\">Many come to Yucat\u00e1n looking for magic. But few know that <strong data-start=\"1412\" data-end=\"1461\">The real magic is down below, deep inside<\/strong>.<\/em><\/p>\n<p data-start=\"1473\" data-end=\"1560\"><em data-start=\"1473\" data-end=\"1558\">If you also feel that this moment deserves something special... this place could be it.<\/em><\/p>\n<p data-start=\"1568\" data-end=\"1631\"><em data-start=\"1568\" data-end=\"1631\">Can you imagine his face when he sees all this just for you?<\/em><\/p>\n<p>&nbsp;<\/p>\n<p>&nbsp;<\/p>","protected":false},"excerpt":{"rendered":"<p>Vive una pedida de mano con tu sesi\u00f3n de fotos en privado dentro del cenote museo de Zazil Tunich, el fot\u00f3grafo te acompa\u00f1ara en tu descenso capturando cada momento \u00fanico, te entregara de 45 a 60 fotos en alta calidad editadas.<\/p>","protected":false},"featured_media":39894,"comment_status":"closed","ping_status":"closed","template":"","meta":{"_kad_blocks_custom_css":"","_kad_blocks_head_custom_js":"","_kad_blocks_body_custom_js":"","_kad_blocks_footer_custom_js":"","_joinchat":[]},"product_brand":[],"product_cat":[139],"product_tag":[],"class_list":{"0":"post-39890","1":"product","2":"type-product","3":"status-publish","4":"has-post-thumbnail","6":"product_cat-pedida-de-mano","8":"first","9":"instock","10":"virtual","11":"sold-individually","12":"taxable","13":"purchasable","14":"product-type-booking"},"exclude_global_add_ons":[],"addons":[],"yoast_head":"<!-- This site is optimized with the Yoast SEO Premium plugin v22.8 (Yoast SEO v25.6) - https:\/\/yoast.com\/wordpress\/plugins\/seo\/ -->\n<title>Pedida de mano, fotos, cena y ceremonia sencilla - Zazil Tunich - Cenote mas Premiado de Yucat\u00e1n<\/title>\n<meta name=\"robots\" content=\"index, follow, max-snippet:-1, max-image-preview:large, max-video-preview:-1\" \/>\n<link rel=\"canonical\" href=\"https:\/\/zaziltunich.com\/en\/reservaciones\/pedida-de-mano-sesion-cena-y-ceremonia-sencilla\/\" \/>\n<meta property=\"og:locale\" content=\"en_US\" \/>\n<meta property=\"og:type\" content=\"article\" \/>\n<meta property=\"og:title\" content=\"Pedida de mano, fotos, cena y ceremonia sencilla\" \/>\n<meta property=\"og:description\" content=\"Vive una pedida de mano con tu sesi\u00f3n de fotos en privado dentro del cenote museo de Zazil Tunich, el fot\u00f3grafo te acompa\u00f1ara en tu descenso capturando cada momento \u00fanico, te entregara de 45 a 60 fotos en alta calidad editadas.\" \/>\n<meta property=\"og:url\" content=\"https:\/\/zaziltunich.com\/en\/reservaciones\/pedida-de-mano-sesion-cena-y-ceremonia-sencilla\/\" \/>\n<meta property=\"og:site_name\" content=\"Zazil Tunich - Cenote mas Premiado de Yucat\u00e1n\" \/>\n<meta property=\"article:modified_time\" content=\"2025-07-22T17:40:54+00:00\" \/>\n<meta property=\"og:image\" content=\"https:\/\/zaziltunich.com\/wp-content\/uploads\/2025\/06\/pedida58-908x1024.png\" \/>\n\t<meta property=\"og:image:width\" content=\"908\" \/>\n\t<meta property=\"og:image:height\" content=\"1024\" \/>\n\t<meta property=\"og:image:type\" content=\"image\/png\" \/>\n<meta name=\"twitter:card\" content=\"summary_large_image\" \/>\n<meta name=\"twitter:label1\" content=\"Est. reading time\" \/>\n\t<meta name=\"twitter:data1\" content=\"2 minutes\" \/>\n<script type=\"application\/ld+json\" class=\"yoast-schema-graph\">{\"@context\":\"https:\/\/schema.org\",\"@graph\":[{\"@type\":\"WebPage\",\"@id\":\"https:\/\/zaziltunich.com\/reservaciones\/pedida-de-mano-sesion-cena-y-ceremonia-sencilla\/\",\"url\":\"https:\/\/zaziltunich.com\/reservaciones\/pedida-de-mano-sesion-cena-y-ceremonia-sencilla\/\",\"name\":\"Pedida de mano, fotos, cena y ceremonia sencilla - Zazil Tunich - Cenote mas Premiado de Yucat\u00e1n\",\"isPartOf\":{\"@id\":\"https:\/\/zaziltunich.com\/#website\"},\"primaryImageOfPage\":{\"@id\":\"https:\/\/zaziltunich.com\/reservaciones\/pedida-de-mano-sesion-cena-y-ceremonia-sencilla\/#primaryimage\"},\"image\":{\"@id\":\"https:\/\/zaziltunich.com\/reservaciones\/pedida-de-mano-sesion-cena-y-ceremonia-sencilla\/#primaryimage\"},\"thumbnailUrl\":\"https:\/\/zaziltunich.com\/wp-content\/uploads\/2025\/06\/pedida58.png\",\"datePublished\":\"2025-06-08T18:22:36+00:00\",\"dateModified\":\"2025-07-22T17:40:54+00:00\",\"breadcrumb\":{\"@id\":\"https:\/\/zaziltunich.com\/reservaciones\/pedida-de-mano-sesion-cena-y-ceremonia-sencilla\/#breadcrumb\"},\"inLanguage\":\"en-US\",\"potentialAction\":[{\"@type\":\"ReadAction\",\"target\":[\"https:\/\/zaziltunich.com\/reservaciones\/pedida-de-mano-sesion-cena-y-ceremonia-sencilla\/\"]}]},{\"@type\":\"ImageObject\",\"inLanguage\":\"en-US\",\"@id\":\"https:\/\/zaziltunich.com\/reservaciones\/pedida-de-mano-sesion-cena-y-ceremonia-sencilla\/#primaryimage\",\"url\":\"https:\/\/zaziltunich.com\/wp-content\/uploads\/2025\/06\/pedida58.png\",\"contentUrl\":\"https:\/\/zaziltunich.com\/wp-content\/uploads\/2025\/06\/pedida58.png\",\"width\":1596,\"height\":1800},{\"@type\":\"BreadcrumbList\",\"@id\":\"https:\/\/zaziltunich.com\/reservaciones\/pedida-de-mano-sesion-cena-y-ceremonia-sencilla\/#breadcrumb\",\"itemListElement\":[{\"@type\":\"ListItem\",\"position\":1,\"name\":\"Inicio\",\"item\":\"https:\/\/zaziltunich.com\/\"},{\"@type\":\"ListItem\",\"position\":2,\"name\":\"Reservaciones\",\"item\":\"https:\/\/zaziltunich.com\/reservaciones\/\"},{\"@type\":\"ListItem\",\"position\":3,\"name\":\"Pedida de mano, fotos, cena y ceremonia sencilla\"}]},{\"@type\":\"WebSite\",\"@id\":\"https:\/\/zaziltunich.com\/#website\",\"url\":\"https:\/\/zaziltunich.com\/\",\"name\":\"Zazil Tunich - Cenote mas Premiado de Yucat\u00e1n\",\"description\":\"Cenote en Valladolid, Zazil Tunich el \u00fanico Cenote Museo de M\u00e9xico y m\u00e1s premiado de Yucat\u00e1n, donde conocer\u00e1s la estalactita mas grande de Yucatan, una experiencia \u00fanica sin turismo masivo.\",\"publisher\":{\"@id\":\"https:\/\/zaziltunich.com\/#organization\"},\"potentialAction\":[{\"@type\":\"SearchAction\",\"target\":{\"@type\":\"EntryPoint\",\"urlTemplate\":\"https:\/\/zaziltunich.com\/?s={search_term_string}\"},\"query-input\":{\"@type\":\"PropertyValueSpecification\",\"valueRequired\":true,\"valueName\":\"search_term_string\"}}],\"inLanguage\":\"en-US\"},{\"@type\":\"Organization\",\"@id\":\"https:\/\/zaziltunich.com\/#organization\",\"name\":\"Zazil Tunich - Cenote mas Premiado de Yucat\u00e1n\",\"url\":\"https:\/\/zaziltunich.com\/\",\"logo\":{\"@type\":\"ImageObject\",\"inLanguage\":\"en-US\",\"@id\":\"https:\/\/zaziltunich.com\/#\/schema\/logo\/image\/\",\"url\":\"https:\/\/zaziltunich.com\/wp-content\/uploads\/2024\/10\/2.png\",\"contentUrl\":\"https:\/\/zaziltunich.com\/wp-content\/uploads\/2024\/10\/2.png\",\"width\":4000,\"height\":4000,\"caption\":\"Zazil Tunich - Cenote mas Premiado de Yucat\u00e1n\"},\"image\":{\"@id\":\"https:\/\/zaziltunich.com\/#\/schema\/logo\/image\/\"}}]}<\/script>\n<!-- \/ Yoast SEO Premium plugin. -->","yoast_head_json":{"title":"Pedida de mano, fotos, cena y ceremonia sencilla - Zazil Tunich - Cenote mas Premiado de Yucat\u00e1n","robots":{"index":"index","follow":"follow","max-snippet":"max-snippet:-1","max-image-preview":"max-image-preview:large","max-video-preview":"max-video-preview:-1"},"canonical":"https:\/\/zaziltunich.com\/en\/reservaciones\/pedida-de-mano-sesion-cena-y-ceremonia-sencilla\/","og_locale":"en_US","og_type":"article","og_title":"Pedida de mano, fotos, cena y ceremonia sencilla","og_description":"Vive una pedida de mano con tu sesi\u00f3n de fotos en privado dentro del cenote museo de Zazil Tunich, el fot\u00f3grafo te acompa\u00f1ara en tu descenso capturando cada momento \u00fanico, te entregara de 45 a 60 fotos en alta calidad editadas.","og_url":"https:\/\/zaziltunich.com\/en\/reservaciones\/pedida-de-mano-sesion-cena-y-ceremonia-sencilla\/","og_site_name":"Zazil Tunich - Cenote mas Premiado de Yucat\u00e1n","article_modified_time":"2025-07-22T17:40:54+00:00","og_image":[{"width":908,"height":1024,"url":"https:\/\/zaziltunich.com\/wp-content\/uploads\/2025\/06\/pedida58-908x1024.png","type":"image\/png"}],"twitter_card":"summary_large_image","twitter_misc":{"Est. reading time":"2 minutes"},"schema":{"@context":"https:\/\/schema.org","@graph":[{"@type":"WebPage","@id":"https:\/\/zaziltunich.com\/reservaciones\/pedida-de-mano-sesion-cena-y-ceremonia-sencilla\/","url":"https:\/\/zaziltunich.com\/reservaciones\/pedida-de-mano-sesion-cena-y-ceremonia-sencilla\/","name":"Pedida de mano, fotos, cena y ceremonia sencilla - Zazil Tunich - Cenote mas Premiado de Yucat\u00e1n","isPartOf":{"@id":"https:\/\/zaziltunich.com\/#website"},"primaryImageOfPage":{"@id":"https:\/\/zaziltunich.com\/reservaciones\/pedida-de-mano-sesion-cena-y-ceremonia-sencilla\/#primaryimage"},"image":{"@id":"https:\/\/zaziltunich.com\/reservaciones\/pedida-de-mano-sesion-cena-y-ceremonia-sencilla\/#primaryimage"},"thumbnailUrl":"https:\/\/zaziltunich.com\/wp-content\/uploads\/2025\/06\/pedida58.png","datePublished":"2025-06-08T18:22:36+00:00","dateModified":"2025-07-22T17:40:54+00:00","breadcrumb":{"@id":"https:\/\/zaziltunich.com\/reservaciones\/pedida-de-mano-sesion-cena-y-ceremonia-sencilla\/#breadcrumb"},"inLanguage":"en-US","potentialAction":[{"@type":"ReadAction","target":["https:\/\/zaziltunich.com\/reservaciones\/pedida-de-mano-sesion-cena-y-ceremonia-sencilla\/"]}]},{"@type":"ImageObject","inLanguage":"en-US","@id":"https:\/\/zaziltunich.com\/reservaciones\/pedida-de-mano-sesion-cena-y-ceremonia-sencilla\/#primaryimage","url":"https:\/\/zaziltunich.com\/wp-content\/uploads\/2025\/06\/pedida58.png","contentUrl":"https:\/\/zaziltunich.com\/wp-content\/uploads\/2025\/06\/pedida58.png","width":1596,"height":1800},{"@type":"BreadcrumbList","@id":"https:\/\/zaziltunich.com\/reservaciones\/pedida-de-mano-sesion-cena-y-ceremonia-sencilla\/#breadcrumb","itemListElement":[{"@type":"ListItem","position":1,"name":"Inicio","item":"https:\/\/zaziltunich.com\/"},{"@type":"ListItem","position":2,"name":"Reservaciones","item":"https:\/\/zaziltunich.com\/reservaciones\/"},{"@type":"ListItem","position":3,"name":"Pedida de mano, fotos, cena y ceremonia sencilla"}]},{"@type":"WebSite","@id":"https:\/\/zaziltunich.com\/#website","url":"https:\/\/zaziltunich.com\/","name":"Zazil Tunich - Cenote mas Premiado de Yucat\u00e1n","description":"Cenote en Valladolid, Zazil Tunich el \u00fanico Cenote Museo de M\u00e9xico y m\u00e1s premiado de Yucat\u00e1n, donde conocer\u00e1s la estalactita mas grande de Yucatan, una experiencia \u00fanica sin turismo masivo.","publisher":{"@id":"https:\/\/zaziltunich.com\/#organization"},"potentialAction":[{"@type":"SearchAction","target":{"@type":"EntryPoint","urlTemplate":"https:\/\/zaziltunich.com\/?s={search_term_string}"},"query-input":{"@type":"PropertyValueSpecification","valueRequired":true,"valueName":"search_term_string"}}],"inLanguage":"en-US"},{"@type":"Organization","@id":"https:\/\/zaziltunich.com\/#organization","name":"Zazil Tunich - Cenote mas Premiado de Yucat\u00e1n","url":"https:\/\/zaziltunich.com\/","logo":{"@type":"ImageObject","inLanguage":"en-US","@id":"https:\/\/zaziltunich.com\/#\/schema\/logo\/image\/","url":"https:\/\/zaziltunich.com\/wp-content\/uploads\/2024\/10\/2.png","contentUrl":"https:\/\/zaziltunich.com\/wp-content\/uploads\/2024\/10\/2.png","width":4000,"height":4000,"caption":"Zazil Tunich - Cenote mas Premiado de Yucat\u00e1n"},"image":{"@id":"https:\/\/zaziltunich.com\/#\/schema\/logo\/image\/"}}]}},"taxonomy_info":{"product_cat":[{"value":139,"label":"Pedida de mano"}]},"featured_image_src_large":["https:\/\/zaziltunich.com\/wp-content\/uploads\/2025\/06\/pedida58-908x1024.png",800,902,true],"author_info":[],"comment_info":0,"_links":{"self":[{"href":"https:\/\/zaziltunich.com\/en\/wp-json\/wp\/v2\/product\/39890"}],"collection":[{"href":"https:\/\/zaziltunich.com\/en\/wp-json\/wp\/v2\/product"}],"about":[{"href":"https:\/\/zaziltunich.com\/en\/wp-json\/wp\/v2\/types\/product"}],"replies":[{"embeddable":true,"href":"https:\/\/zaziltunich.com\/en\/wp-json\/wp\/v2\/comments?post=39890"}],"wp:featuredmedia":[{"embeddable":true,"href":"https:\/\/zaziltunich.com\/en\/wp-json\/wp\/v2\/media\/39894"}],"wp:attachment":[{"href":"https:\/\/zaziltunich.com\/en\/wp-json\/wp\/v2\/media?parent=39890"}],"wp:term":[{"taxonomy":"product_brand","embeddable":true,"href":"https:\/\/zaziltunich.com\/en\/wp-json\/wp\/v2\/product_brand?post=39890"},{"taxonomy":"product_cat","embeddable":true,"href":"https:\/\/zaziltunich.com\/en\/wp-json\/wp\/v2\/product_cat?post=39890"},{"taxonomy":"product_tag","embeddable":true,"href":"https:\/\/zaziltunich.com\/en\/wp-json\/wp\/v2\/product_tag?post=39890"}],"curies":[{"name":"wp","href":"https:\/\/api.w.org\/{rel}","templated":true}]}}