{"id":39499,"date":"2024-11-17T14:28:24","date_gmt":"2024-11-17T19:28:24","guid":{"rendered":"https:\/\/zaziltunich.com\/?post_type=product&#038;p=39499"},"modified":"2026-03-19T13:31:44","modified_gmt":"2026-03-19T19:31:44","slug":"cenote-museo","status":"publish","type":"product","link":"https:\/\/zaziltunich.com\/en\/reservaciones\/cenote-museo\/","title":{"rendered":"Cenote Museum \u2013 Morning"},"content":{"rendered":"<p>Almost private access in the morning<\/p>\n<p><span style=\"font-weight: 400;\">An experience without mass tourism to the Mayan Underworld, is a very exclusive access that includes the Mayan Ceremony free from Wednesday to Monday.<\/span><\/p>\n<p><span style=\"font-weight: 400;\">\u00a0In this experience, you can enjoy access to the cenote starting at 12:00 pm, through a place full of history, where great events of the Mayan culture occurred, where the stones tell their story. You will learn part of Mayan Mythology through the Legend of Xibalb\u00e1 and its 9 levels of the Mayan Underworld in the company of our guide. On level 7, you will be part of a Mayan Purification Ceremony with a Shaman from the region, before descending to the eighth and ninth levels of the Mayan Underworld, where, with a purified body, you can immerse yourself in the crystal waters of a sacred cenote.<\/span><\/p>\n<p><span style=\"font-weight: 400;\">In your Mayan experience you will live:<\/span><\/p>\n<ul>\n<li style=\"font-weight: 400;\"><span style=\"font-weight: 400;\">Access with a very limited group of people\u00a0<\/span><\/li>\n<li style=\"font-weight: 400;\"><span style=\"font-weight: 400;\">Mayan ceremony (Wednesday to Monday)<\/span><\/li>\n<li style=\"font-weight: 400;\"><span style=\"font-weight: 400;\">Swimming in cenote.<\/span><\/li>\n<li>If transportation is required, the departure is from the city of Valladolid.<\/li>\n<\/ul>","protected":false},"excerpt":{"rendered":"<p>Recorrido todos los d\u00edas en los horarios:\u00a0 <b>11:00 hr, 12:00 hr y 13:00 hr.<br \/>\n<\/b><br \/>\nRecorrido SIN COMIDA.<\/p>\n<p>Para vivir la Experiencia los EXPLORADORES deben realizar su reservaci\u00f3n, cada recorrido es de grupos m\u00e1ximos de 20 personas, que permitir\u00e1 vivir y disfrutar el recorrido, as\u00ed como nadar en nuestro Cenote de aguas poco profundas, en un ambiente de exclusividad.<\/p>\n<p><b>TIPS:<\/b><br \/>\n-Zapatos o sandalias para agua<br \/>\n-Toallas<br \/>\n-Repelente y bloqueador Biodegradable<br \/>\n\u2013 No se permite introducir: Alimentos y Bebidas<\/p>\n<p>&#8211; Si se requiere transportaci\u00f3n, la salida es desde la ciudad de Valladolid<\/p>","protected":false},"featured_media":39152,"comment_status":"closed","ping_status":"closed","template":"","meta":{"_kad_blocks_custom_css":"","_kad_blocks_head_custom_js":"","_kad_blocks_body_custom_js":"","_kad_blocks_footer_custom_js":"","_joinchat":[]},"product_brand":[],"product_cat":[26],"product_tag":[],"class_list":{"0":"post-39499","1":"product","2":"type-product","3":"status-publish","4":"has-post-thumbnail","6":"product_cat-experiencias","8":"first","9":"instock","10":"virtual","11":"sold-individually","12":"taxable","13":"purchasable","14":"product-type-booking"},"exclude_global_add_ons":false,"addons":[{"name":"Comida Tradicional","type":"input_multiplier","position":0,"required":false,"title_format":"label","description_enable":true,"description":"Comida 3 tiempos org\u00e1nica (Pollo Pibil).","placeholder_enable":false,"placeholder":"","display":"select","restrictions_type":"any_text","adjust_price":true,"price":"350","price_type":"flat_fee","restrictions":true,"min":0,"max":20,"options":[],"id":1752347273}],"yoast_head":"<!-- This site is optimized with the Yoast SEO Premium plugin v22.8 (Yoast SEO v25.6) - https:\/\/yoast.com\/wordpress\/plugins\/seo\/ -->\n<title>Cenote Museo - Ma\u00f1ana - Zazil Tunich - Cenote mas Premiado de Yucat\u00e1n<\/title>\n<meta name=\"robots\" content=\"index, follow, max-snippet:-1, max-image-preview:large, max-video-preview:-1\" \/>\n<link rel=\"canonical\" href=\"https:\/\/zaziltunich.com\/en\/reservaciones\/cenote-museo\/\" \/>\n<meta property=\"og:locale\" content=\"en_US\" \/>\n<meta property=\"og:type\" content=\"article\" \/>\n<meta property=\"og:title\" content=\"Cenote Museo - Ma\u00f1ana\" \/>\n<meta property=\"og:description\" content=\"Recorrido todos los d\u00edas en los horarios:\u00a0 11:00 hr, 12:00 hr y 13:00 hr.  Recorrido SIN COMIDA.  Para vivir la Experiencia los EXPLORADORES deben realizar su reservaci\u00f3n, cada recorrido es de grupos m\u00e1ximos de 20 personas, que permitir\u00e1 vivir y disfrutar el recorrido, as\u00ed como nadar en nuestro Cenote de aguas poco profundas, en un ambiente de exclusividad.  TIPS: -Zapatos o sandalias para agua -Toallas -Repelente y bloqueador Biodegradable \u2013 No se permite introducir: Alimentos y Bebidas  - Si se requiere transportaci\u00f3n, la salida es desde la ciudad de Valladolid\" \/>\n<meta property=\"og:url\" content=\"https:\/\/zaziltunich.com\/en\/reservaciones\/cenote-museo\/\" \/>\n<meta property=\"og:site_name\" content=\"Zazil Tunich - Cenote mas Premiado de Yucat\u00e1n\" \/>\n<meta property=\"article:modified_time\" content=\"2026-03-19T19:31:44+00:00\" \/>\n<meta property=\"og:image\" content=\"https:\/\/zaziltunich.com\/wp-content\/uploads\/2024\/11\/@evamaria_pas.png\" \/>\n\t<meta property=\"og:image:width\" content=\"1548\" \/>\n\t<meta property=\"og:image:height\" content=\"1940\" \/>\n\t<meta property=\"og:image:type\" content=\"image\/png\" \/>\n<meta name=\"twitter:card\" content=\"summary_large_image\" \/>\n<meta name=\"twitter:label1\" content=\"Est. reading time\" \/>\n\t<meta name=\"twitter:data1\" content=\"1 minute\" \/>\n<script type=\"application\/ld+json\" class=\"yoast-schema-graph\">{\"@context\":\"https:\/\/schema.org\",\"@graph\":[{\"@type\":\"WebPage\",\"@id\":\"https:\/\/zaziltunich.com\/reservaciones\/cenote-museo\/\",\"url\":\"https:\/\/zaziltunich.com\/reservaciones\/cenote-museo\/\",\"name\":\"Cenote Museo - Ma\u00f1ana - Zazil Tunich - Cenote mas Premiado de Yucat\u00e1n\",\"isPartOf\":{\"@id\":\"https:\/\/zaziltunich.com\/#website\"},\"primaryImageOfPage\":{\"@id\":\"https:\/\/zaziltunich.com\/reservaciones\/cenote-museo\/#primaryimage\"},\"image\":{\"@id\":\"https:\/\/zaziltunich.com\/reservaciones\/cenote-museo\/#primaryimage\"},\"thumbnailUrl\":\"https:\/\/zaziltunich.com\/wp-content\/uploads\/2024\/11\/@evamaria_pas.png\",\"datePublished\":\"2024-11-17T19:28:24+00:00\",\"dateModified\":\"2026-03-19T19:31:44+00:00\",\"breadcrumb\":{\"@id\":\"https:\/\/zaziltunich.com\/reservaciones\/cenote-museo\/#breadcrumb\"},\"inLanguage\":\"en-US\",\"potentialAction\":[{\"@type\":\"ReadAction\",\"target\":[\"https:\/\/zaziltunich.com\/reservaciones\/cenote-museo\/\"]}]},{\"@type\":\"ImageObject\",\"inLanguage\":\"en-US\",\"@id\":\"https:\/\/zaziltunich.com\/reservaciones\/cenote-museo\/#primaryimage\",\"url\":\"https:\/\/zaziltunich.com\/wp-content\/uploads\/2024\/11\/@evamaria_pas.png\",\"contentUrl\":\"https:\/\/zaziltunich.com\/wp-content\/uploads\/2024\/11\/@evamaria_pas.png\",\"width\":1548,\"height\":1940,\"caption\":\"Imperdible si estas visitan Yucatan\"},{\"@type\":\"BreadcrumbList\",\"@id\":\"https:\/\/zaziltunich.com\/reservaciones\/cenote-museo\/#breadcrumb\",\"itemListElement\":[{\"@type\":\"ListItem\",\"position\":1,\"name\":\"Inicio\",\"item\":\"https:\/\/zaziltunich.com\/\"},{\"@type\":\"ListItem\",\"position\":2,\"name\":\"Reservaciones\",\"item\":\"https:\/\/zaziltunich.com\/reservaciones\/\"},{\"@type\":\"ListItem\",\"position\":3,\"name\":\"Cenote Museo &#8211; Ma\u00f1ana\"}]},{\"@type\":\"WebSite\",\"@id\":\"https:\/\/zaziltunich.com\/#website\",\"url\":\"https:\/\/zaziltunich.com\/\",\"name\":\"Zazil Tunich - Cenote mas Premiado de Yucat\u00e1n\",\"description\":\"Cenote en Valladolid, Zazil Tunich el \u00fanico Cenote Museo de M\u00e9xico y m\u00e1s premiado de Yucat\u00e1n, donde conocer\u00e1s la estalactita mas grande de Yucatan, una experiencia \u00fanica sin turismo masivo.\",\"publisher\":{\"@id\":\"https:\/\/zaziltunich.com\/#organization\"},\"potentialAction\":[{\"@type\":\"SearchAction\",\"target\":{\"@type\":\"EntryPoint\",\"urlTemplate\":\"https:\/\/zaziltunich.com\/?s={search_term_string}\"},\"query-input\":{\"@type\":\"PropertyValueSpecification\",\"valueRequired\":true,\"valueName\":\"search_term_string\"}}],\"inLanguage\":\"en-US\"},{\"@type\":\"Organization\",\"@id\":\"https:\/\/zaziltunich.com\/#organization\",\"name\":\"Zazil Tunich - Cenote mas Premiado de Yucat\u00e1n\",\"url\":\"https:\/\/zaziltunich.com\/\",\"logo\":{\"@type\":\"ImageObject\",\"inLanguage\":\"en-US\",\"@id\":\"https:\/\/zaziltunich.com\/#\/schema\/logo\/image\/\",\"url\":\"https:\/\/zaziltunich.com\/wp-content\/uploads\/2024\/10\/2.png\",\"contentUrl\":\"https:\/\/zaziltunich.com\/wp-content\/uploads\/2024\/10\/2.png\",\"width\":4000,\"height\":4000,\"caption\":\"Zazil Tunich - Cenote mas Premiado de Yucat\u00e1n\"},\"image\":{\"@id\":\"https:\/\/zaziltunich.com\/#\/schema\/logo\/image\/\"}}]}<\/script>\n<!-- \/ Yoast SEO Premium plugin. -->","yoast_head_json":{"title":"Cenote Museo - Ma\u00f1ana - Zazil Tunich - Cenote mas Premiado de Yucat\u00e1n","robots":{"index":"index","follow":"follow","max-snippet":"max-snippet:-1","max-image-preview":"max-image-preview:large","max-video-preview":"max-video-preview:-1"},"canonical":"https:\/\/zaziltunich.com\/en\/reservaciones\/cenote-museo\/","og_locale":"en_US","og_type":"article","og_title":"Cenote Museo - Ma\u00f1ana","og_description":"Recorrido todos los d\u00edas en los horarios:\u00a0 11:00 hr, 12:00 hr y 13:00 hr.  Recorrido SIN COMIDA.  Para vivir la Experiencia los EXPLORADORES deben realizar su reservaci\u00f3n, cada recorrido es de grupos m\u00e1ximos de 20 personas, que permitir\u00e1 vivir y disfrutar el recorrido, as\u00ed como nadar en nuestro Cenote de aguas poco profundas, en un ambiente de exclusividad.  TIPS: -Zapatos o sandalias para agua -Toallas -Repelente y bloqueador Biodegradable \u2013 No se permite introducir: Alimentos y Bebidas  - Si se requiere transportaci\u00f3n, la salida es desde la ciudad de Valladolid","og_url":"https:\/\/zaziltunich.com\/en\/reservaciones\/cenote-museo\/","og_site_name":"Zazil Tunich - Cenote mas Premiado de Yucat\u00e1n","article_modified_time":"2026-03-19T19:31:44+00:00","og_image":[{"width":1548,"height":1940,"url":"https:\/\/zaziltunich.com\/wp-content\/uploads\/2024\/11\/@evamaria_pas.png","type":"image\/png"}],"twitter_card":"summary_large_image","twitter_misc":{"Est. reading time":"1 minute"},"schema":{"@context":"https:\/\/schema.org","@graph":[{"@type":"WebPage","@id":"https:\/\/zaziltunich.com\/reservaciones\/cenote-museo\/","url":"https:\/\/zaziltunich.com\/reservaciones\/cenote-museo\/","name":"Cenote Museo - Ma\u00f1ana - Zazil Tunich - Cenote mas Premiado de Yucat\u00e1n","isPartOf":{"@id":"https:\/\/zaziltunich.com\/#website"},"primaryImageOfPage":{"@id":"https:\/\/zaziltunich.com\/reservaciones\/cenote-museo\/#primaryimage"},"image":{"@id":"https:\/\/zaziltunich.com\/reservaciones\/cenote-museo\/#primaryimage"},"thumbnailUrl":"https:\/\/zaziltunich.com\/wp-content\/uploads\/2024\/11\/@evamaria_pas.png","datePublished":"2024-11-17T19:28:24+00:00","dateModified":"2026-03-19T19:31:44+00:00","breadcrumb":{"@id":"https:\/\/zaziltunich.com\/reservaciones\/cenote-museo\/#breadcrumb"},"inLanguage":"en-US","potentialAction":[{"@type":"ReadAction","target":["https:\/\/zaziltunich.com\/reservaciones\/cenote-museo\/"]}]},{"@type":"ImageObject","inLanguage":"en-US","@id":"https:\/\/zaziltunich.com\/reservaciones\/cenote-museo\/#primaryimage","url":"https:\/\/zaziltunich.com\/wp-content\/uploads\/2024\/11\/@evamaria_pas.png","contentUrl":"https:\/\/zaziltunich.com\/wp-content\/uploads\/2024\/11\/@evamaria_pas.png","width":1548,"height":1940,"caption":"Imperdible si estas visitan Yucatan"},{"@type":"BreadcrumbList","@id":"https:\/\/zaziltunich.com\/reservaciones\/cenote-museo\/#breadcrumb","itemListElement":[{"@type":"ListItem","position":1,"name":"Inicio","item":"https:\/\/zaziltunich.com\/"},{"@type":"ListItem","position":2,"name":"Reservaciones","item":"https:\/\/zaziltunich.com\/reservaciones\/"},{"@type":"ListItem","position":3,"name":"Cenote Museo &#8211; Ma\u00f1ana"}]},{"@type":"WebSite","@id":"https:\/\/zaziltunich.com\/#website","url":"https:\/\/zaziltunich.com\/","name":"Zazil Tunich - Cenote mas Premiado de Yucat\u00e1n","description":"Cenote en Valladolid, Zazil Tunich el \u00fanico Cenote Museo de M\u00e9xico y m\u00e1s premiado de Yucat\u00e1n, donde conocer\u00e1s la estalactita mas grande de Yucatan, una experiencia \u00fanica sin turismo masivo.","publisher":{"@id":"https:\/\/zaziltunich.com\/#organization"},"potentialAction":[{"@type":"SearchAction","target":{"@type":"EntryPoint","urlTemplate":"https:\/\/zaziltunich.com\/?s={search_term_string}"},"query-input":{"@type":"PropertyValueSpecification","valueRequired":true,"valueName":"search_term_string"}}],"inLanguage":"en-US"},{"@type":"Organization","@id":"https:\/\/zaziltunich.com\/#organization","name":"Zazil Tunich - Cenote mas Premiado de Yucat\u00e1n","url":"https:\/\/zaziltunich.com\/","logo":{"@type":"ImageObject","inLanguage":"en-US","@id":"https:\/\/zaziltunich.com\/#\/schema\/logo\/image\/","url":"https:\/\/zaziltunich.com\/wp-content\/uploads\/2024\/10\/2.png","contentUrl":"https:\/\/zaziltunich.com\/wp-content\/uploads\/2024\/10\/2.png","width":4000,"height":4000,"caption":"Zazil Tunich - Cenote mas Premiado de Yucat\u00e1n"},"image":{"@id":"https:\/\/zaziltunich.com\/#\/schema\/logo\/image\/"}}]}},"taxonomy_info":{"product_cat":[{"value":26,"label":"Experiencias"}]},"featured_image_src_large":["https:\/\/zaziltunich.com\/wp-content\/uploads\/2024\/11\/@evamaria_pas-817x1024.png",800,1003,true],"author_info":[],"comment_info":0,"_links":{"self":[{"href":"https:\/\/zaziltunich.com\/en\/wp-json\/wp\/v2\/product\/39499"}],"collection":[{"href":"https:\/\/zaziltunich.com\/en\/wp-json\/wp\/v2\/product"}],"about":[{"href":"https:\/\/zaziltunich.com\/en\/wp-json\/wp\/v2\/types\/product"}],"replies":[{"embeddable":true,"href":"https:\/\/zaziltunich.com\/en\/wp-json\/wp\/v2\/comments?post=39499"}],"wp:featuredmedia":[{"embeddable":true,"href":"https:\/\/zaziltunich.com\/en\/wp-json\/wp\/v2\/media\/39152"}],"wp:attachment":[{"href":"https:\/\/zaziltunich.com\/en\/wp-json\/wp\/v2\/media?parent=39499"}],"wp:term":[{"taxonomy":"product_brand","embeddable":true,"href":"https:\/\/zaziltunich.com\/en\/wp-json\/wp\/v2\/product_brand?post=39499"},{"taxonomy":"product_cat","embeddable":true,"href":"https:\/\/zaziltunich.com\/en\/wp-json\/wp\/v2\/product_cat?post=39499"},{"taxonomy":"product_tag","embeddable":true,"href":"https:\/\/zaziltunich.com\/en\/wp-json\/wp\/v2\/product_tag?post=39499"}],"curies":[{"name":"wp","href":"https:\/\/api.w.org\/{rel}","templated":true}]}}