{"id":23083,"date":"2020-12-20T06:15:35","date_gmt":"2020-12-20T11:15:35","guid":{"rendered":"https:\/\/zaziltunich.com\/producto\/cena-romantica-exclusiva-2\/"},"modified":"2026-04-14T19:17:24","modified_gmt":"2026-04-15T01:17:24","slug":"cena-romantica-exclusiva-2","status":"publish","type":"product","link":"https:\/\/zaziltunich.com\/en\/reservaciones\/cena-romantica-exclusiva-2\/","title":{"rendered":"Exclusive Romantic Dinner"},"content":{"rendered":"<p><span style=\"font-weight: 400;\">Disfrutar\u00e1s de una cena rom\u00e1ntica dentro de la caverna-cenote a 20 metros bajo tierra, una experiencia \u00fanica ideal para pedir matrimonio, conmemorar un aniversario de boda o celebrar alg\u00fan evento especial.<\/span><\/p>\n<p><span style=\"font-weight: 400;\">\u00a0La cena rom\u00e1ntica es en exclusiva para una pareja al finalizar el recorrido personalizado al descender, la cena se realiza al llegar al nivel 8 del recorrido y es una comida de 3 tiempos muy t\u00edpica de la regi\u00f3n al estilo Zazil Tunich.\u00a0<\/span><\/p>\n<ul>\n<li><span style=\"font-weight: 400;\">Recorrido guiado totalmente EXCLUSIVO por 2 horas.<\/span><\/li>\n<li><span style=\"font-weight: 400;\">Swimming in cenote.<\/span><\/li>\n<li><span style=\"font-weight: 400;\">Ceremonia maya afuera del cenote de purificaci\u00f3n ( menos martes)<\/span><\/li>\n<li><span style=\"font-weight: 400;\">Cena Rom\u00e1ntica de 3 tiempos en caverna:<\/span>\n<ol>\n<li><span style=\"font-weight: 400;\">Entrance<\/span><\/li>\n<li><span style=\"font-weight: 400;\">Main course based on fish<\/span><\/li>\n<li><span style=\"font-weight: 400;\">dessert<\/span><\/li>\n<\/ol>\n<\/li>\n<li><span style=\"font-weight: 400;\">NO INCLUYE BEBIDAS<\/span><\/li>\n<li>If transportation is required, the departure is from the city of Valladolid.<\/li>\n<\/ul>","protected":false},"excerpt":{"rendered":"<p>La Cena puede ser todos los d\u00edas con reservaci\u00f3n<br \/>\nHorarios a partir de 17:00 hr , 19:00 hr.<\/p>\n<p>TIPS :<br \/>\n-Zapatos o sandalias para agua<br \/>\n-Toallas<br \/>\n-Repelente y bloqueador Biodegradable<br \/>\n&#8211; No se permite Introducir : Alimentos y Bebidas<\/p>\n<p>&#8211; Si se requiere transportaci\u00f3n, la salida es desde la ciudad de Valladolid<\/p>","protected":false},"featured_media":23084,"comment_status":"closed","ping_status":"closed","template":"","meta":{"_kad_blocks_custom_css":"","_kad_blocks_head_custom_js":"","_kad_blocks_body_custom_js":"","_kad_blocks_footer_custom_js":"","_joinchat":[]},"product_brand":[],"product_cat":[136],"product_tag":[],"class_list":{"0":"post-23083","1":"product","2":"type-product","3":"status-publish","4":"has-post-thumbnail","6":"product_cat-roamnce","8":"first","9":"instock","10":"virtual","11":"sold-individually","12":"taxable","13":"purchasable","14":"product-type-booking"},"exclude_global_add_ons":false,"addons":[{"name":"Paquete de Pedida de Matrimonio","type":"checkbox","position":0,"required":false,"title_format":"label","description_enable":false,"description":"","placeholder_enable":false,"placeholder":"","display":"radiobutton","restrictions_type":"any_text","adjust_price":false,"price":"","price_type":"flat_fee","restrictions":false,"min":0,"max":0,"options":[{"label":"Arreglos para pedida (letras y flores con velas)","price":"6000","price_type":"flat_fee","image":0}],"id":1731852716}],"yoast_head":"<!-- This site is optimized with the Yoast SEO Premium plugin v22.8 (Yoast SEO v25.6) - https:\/\/yoast.com\/wordpress\/plugins\/seo\/ -->\n<title>Cena Rom\u00e1ntica Exclusiva - Zazil Tunich - Cenote mas Premiado de Yucat\u00e1n<\/title>\n<meta name=\"robots\" content=\"index, follow, max-snippet:-1, max-image-preview:large, max-video-preview:-1\" \/>\n<link rel=\"canonical\" href=\"https:\/\/zaziltunich.com\/en\/reservaciones\/cena-romantica-exclusiva-2\/\" \/>\n<meta property=\"og:locale\" content=\"en_US\" \/>\n<meta property=\"og:type\" content=\"article\" \/>\n<meta property=\"og:title\" content=\"Cena Rom\u00e1ntica Exclusiva\" \/>\n<meta property=\"og:description\" content=\"La Cena puede ser todos los d\u00edas con reservaci\u00f3n Horarios a partir de 17:00 hr , 19:00 hr.  TIPS : -Zapatos o sandalias para agua -Toallas -Repelente y bloqueador Biodegradable - No se permite Introducir : Alimentos y Bebidas  - Si se requiere transportaci\u00f3n, la salida es desde la ciudad de Valladolid\" \/>\n<meta property=\"og:url\" content=\"https:\/\/zaziltunich.com\/en\/reservaciones\/cena-romantica-exclusiva-2\/\" \/>\n<meta property=\"og:site_name\" content=\"Zazil Tunich - Cenote mas Premiado de Yucat\u00e1n\" \/>\n<meta property=\"article:modified_time\" content=\"2026-04-15T01:17:24+00:00\" \/>\n<meta property=\"og:image\" content=\"https:\/\/zaziltunich.com\/wp-content\/uploads\/2024\/10\/Captura-de-Pantalla-2024-01-14-a-las-2.47.20-p.m-1.png\" \/>\n\t<meta property=\"og:image:width\" content=\"800\" \/>\n\t<meta property=\"og:image:height\" content=\"800\" \/>\n\t<meta property=\"og:image:type\" content=\"image\/png\" \/>\n<meta name=\"twitter:card\" content=\"summary_large_image\" \/>\n<meta name=\"twitter:label1\" content=\"Est. reading time\" \/>\n\t<meta name=\"twitter:data1\" content=\"1 minute\" \/>\n<script type=\"application\/ld+json\" class=\"yoast-schema-graph\">{\"@context\":\"https:\/\/schema.org\",\"@graph\":[{\"@type\":\"WebPage\",\"@id\":\"https:\/\/zaziltunich.com\/reservaciones\/cena-romantica-exclusiva-2\/\",\"url\":\"https:\/\/zaziltunich.com\/reservaciones\/cena-romantica-exclusiva-2\/\",\"name\":\"Cena Rom\u00e1ntica Exclusiva - Zazil Tunich - Cenote mas Premiado de Yucat\u00e1n\",\"isPartOf\":{\"@id\":\"https:\/\/zaziltunich.com\/#website\"},\"primaryImageOfPage\":{\"@id\":\"https:\/\/zaziltunich.com\/reservaciones\/cena-romantica-exclusiva-2\/#primaryimage\"},\"image\":{\"@id\":\"https:\/\/zaziltunich.com\/reservaciones\/cena-romantica-exclusiva-2\/#primaryimage\"},\"thumbnailUrl\":\"https:\/\/zaziltunich.com\/wp-content\/uploads\/2024\/10\/Captura-de-Pantalla-2024-01-14-a-las-2.47.20-p.m-1.png\",\"datePublished\":\"2020-12-20T11:15:35+00:00\",\"dateModified\":\"2026-04-15T01:17:24+00:00\",\"breadcrumb\":{\"@id\":\"https:\/\/zaziltunich.com\/reservaciones\/cena-romantica-exclusiva-2\/#breadcrumb\"},\"inLanguage\":\"en-US\",\"potentialAction\":[{\"@type\":\"ReadAction\",\"target\":[\"https:\/\/zaziltunich.com\/reservaciones\/cena-romantica-exclusiva-2\/\"]}]},{\"@type\":\"ImageObject\",\"inLanguage\":\"en-US\",\"@id\":\"https:\/\/zaziltunich.com\/reservaciones\/cena-romantica-exclusiva-2\/#primaryimage\",\"url\":\"https:\/\/zaziltunich.com\/wp-content\/uploads\/2024\/10\/Captura-de-Pantalla-2024-01-14-a-las-2.47.20-p.m-1.png\",\"contentUrl\":\"https:\/\/zaziltunich.com\/wp-content\/uploads\/2024\/10\/Captura-de-Pantalla-2024-01-14-a-las-2.47.20-p.m-1.png\",\"width\":2000,\"height\":2000,\"caption\":\"Cena Rom\u00e1ntica Exclusiva\"},{\"@type\":\"BreadcrumbList\",\"@id\":\"https:\/\/zaziltunich.com\/reservaciones\/cena-romantica-exclusiva-2\/#breadcrumb\",\"itemListElement\":[{\"@type\":\"ListItem\",\"position\":1,\"name\":\"Inicio\",\"item\":\"https:\/\/zaziltunich.com\/\"},{\"@type\":\"ListItem\",\"position\":2,\"name\":\"Reservaciones\",\"item\":\"https:\/\/zaziltunich.com\/reservaciones\/\"},{\"@type\":\"ListItem\",\"position\":3,\"name\":\"Cena Rom\u00e1ntica Exclusiva\"}]},{\"@type\":\"WebSite\",\"@id\":\"https:\/\/zaziltunich.com\/#website\",\"url\":\"https:\/\/zaziltunich.com\/\",\"name\":\"Zazil Tunich - Cenote mas Premiado de Yucat\u00e1n\",\"description\":\"Cenote en Valladolid, Zazil Tunich el \u00fanico Cenote Museo de M\u00e9xico y m\u00e1s premiado de Yucat\u00e1n, donde conocer\u00e1s la estalactita mas grande de Yucatan, una experiencia \u00fanica sin turismo masivo.\",\"publisher\":{\"@id\":\"https:\/\/zaziltunich.com\/#organization\"},\"potentialAction\":[{\"@type\":\"SearchAction\",\"target\":{\"@type\":\"EntryPoint\",\"urlTemplate\":\"https:\/\/zaziltunich.com\/?s={search_term_string}\"},\"query-input\":{\"@type\":\"PropertyValueSpecification\",\"valueRequired\":true,\"valueName\":\"search_term_string\"}}],\"inLanguage\":\"en-US\"},{\"@type\":\"Organization\",\"@id\":\"https:\/\/zaziltunich.com\/#organization\",\"name\":\"Zazil Tunich - Cenote mas Premiado de Yucat\u00e1n\",\"url\":\"https:\/\/zaziltunich.com\/\",\"logo\":{\"@type\":\"ImageObject\",\"inLanguage\":\"en-US\",\"@id\":\"https:\/\/zaziltunich.com\/#\/schema\/logo\/image\/\",\"url\":\"https:\/\/zaziltunich.com\/wp-content\/uploads\/2024\/10\/2.png\",\"contentUrl\":\"https:\/\/zaziltunich.com\/wp-content\/uploads\/2024\/10\/2.png\",\"width\":4000,\"height\":4000,\"caption\":\"Zazil Tunich - Cenote mas Premiado de Yucat\u00e1n\"},\"image\":{\"@id\":\"https:\/\/zaziltunich.com\/#\/schema\/logo\/image\/\"}}]}<\/script>\n<!-- \/ Yoast SEO Premium plugin. -->","yoast_head_json":{"title":"Cena Rom\u00e1ntica Exclusiva - Zazil Tunich - Cenote mas Premiado de Yucat\u00e1n","robots":{"index":"index","follow":"follow","max-snippet":"max-snippet:-1","max-image-preview":"max-image-preview:large","max-video-preview":"max-video-preview:-1"},"canonical":"https:\/\/zaziltunich.com\/en\/reservaciones\/cena-romantica-exclusiva-2\/","og_locale":"en_US","og_type":"article","og_title":"Cena Rom\u00e1ntica Exclusiva","og_description":"La Cena puede ser todos los d\u00edas con reservaci\u00f3n Horarios a partir de 17:00 hr , 19:00 hr.  TIPS : -Zapatos o sandalias para agua -Toallas -Repelente y bloqueador Biodegradable - No se permite Introducir : Alimentos y Bebidas  - Si se requiere transportaci\u00f3n, la salida es desde la ciudad de Valladolid","og_url":"https:\/\/zaziltunich.com\/en\/reservaciones\/cena-romantica-exclusiva-2\/","og_site_name":"Zazil Tunich - Cenote mas Premiado de Yucat\u00e1n","article_modified_time":"2026-04-15T01:17:24+00:00","og_image":[{"url":"https:\/\/zaziltunich.com\/wp-content\/uploads\/2024\/10\/Captura-de-Pantalla-2024-01-14-a-las-2.47.20-p.m-1.png","width":800,"height":800,"type":"image\/png"}],"twitter_card":"summary_large_image","twitter_misc":{"Est. reading time":"1 minute"},"schema":{"@context":"https:\/\/schema.org","@graph":[{"@type":"WebPage","@id":"https:\/\/zaziltunich.com\/reservaciones\/cena-romantica-exclusiva-2\/","url":"https:\/\/zaziltunich.com\/reservaciones\/cena-romantica-exclusiva-2\/","name":"Cena Rom\u00e1ntica Exclusiva - Zazil Tunich - Cenote mas Premiado de Yucat\u00e1n","isPartOf":{"@id":"https:\/\/zaziltunich.com\/#website"},"primaryImageOfPage":{"@id":"https:\/\/zaziltunich.com\/reservaciones\/cena-romantica-exclusiva-2\/#primaryimage"},"image":{"@id":"https:\/\/zaziltunich.com\/reservaciones\/cena-romantica-exclusiva-2\/#primaryimage"},"thumbnailUrl":"https:\/\/zaziltunich.com\/wp-content\/uploads\/2024\/10\/Captura-de-Pantalla-2024-01-14-a-las-2.47.20-p.m-1.png","datePublished":"2020-12-20T11:15:35+00:00","dateModified":"2026-04-15T01:17:24+00:00","breadcrumb":{"@id":"https:\/\/zaziltunich.com\/reservaciones\/cena-romantica-exclusiva-2\/#breadcrumb"},"inLanguage":"en-US","potentialAction":[{"@type":"ReadAction","target":["https:\/\/zaziltunich.com\/reservaciones\/cena-romantica-exclusiva-2\/"]}]},{"@type":"ImageObject","inLanguage":"en-US","@id":"https:\/\/zaziltunich.com\/reservaciones\/cena-romantica-exclusiva-2\/#primaryimage","url":"https:\/\/zaziltunich.com\/wp-content\/uploads\/2024\/10\/Captura-de-Pantalla-2024-01-14-a-las-2.47.20-p.m-1.png","contentUrl":"https:\/\/zaziltunich.com\/wp-content\/uploads\/2024\/10\/Captura-de-Pantalla-2024-01-14-a-las-2.47.20-p.m-1.png","width":2000,"height":2000,"caption":"Cena Rom\u00e1ntica Exclusiva"},{"@type":"BreadcrumbList","@id":"https:\/\/zaziltunich.com\/reservaciones\/cena-romantica-exclusiva-2\/#breadcrumb","itemListElement":[{"@type":"ListItem","position":1,"name":"Inicio","item":"https:\/\/zaziltunich.com\/"},{"@type":"ListItem","position":2,"name":"Reservaciones","item":"https:\/\/zaziltunich.com\/reservaciones\/"},{"@type":"ListItem","position":3,"name":"Cena Rom\u00e1ntica Exclusiva"}]},{"@type":"WebSite","@id":"https:\/\/zaziltunich.com\/#website","url":"https:\/\/zaziltunich.com\/","name":"Zazil Tunich - Cenote mas Premiado de Yucat\u00e1n","description":"Cenote en Valladolid, Zazil Tunich el \u00fanico Cenote Museo de M\u00e9xico y m\u00e1s premiado de Yucat\u00e1n, donde conocer\u00e1s la estalactita mas grande de Yucatan, una experiencia \u00fanica sin turismo masivo.","publisher":{"@id":"https:\/\/zaziltunich.com\/#organization"},"potentialAction":[{"@type":"SearchAction","target":{"@type":"EntryPoint","urlTemplate":"https:\/\/zaziltunich.com\/?s={search_term_string}"},"query-input":{"@type":"PropertyValueSpecification","valueRequired":true,"valueName":"search_term_string"}}],"inLanguage":"en-US"},{"@type":"Organization","@id":"https:\/\/zaziltunich.com\/#organization","name":"Zazil Tunich - Cenote mas Premiado de Yucat\u00e1n","url":"https:\/\/zaziltunich.com\/","logo":{"@type":"ImageObject","inLanguage":"en-US","@id":"https:\/\/zaziltunich.com\/#\/schema\/logo\/image\/","url":"https:\/\/zaziltunich.com\/wp-content\/uploads\/2024\/10\/2.png","contentUrl":"https:\/\/zaziltunich.com\/wp-content\/uploads\/2024\/10\/2.png","width":4000,"height":4000,"caption":"Zazil Tunich - Cenote mas Premiado de Yucat\u00e1n"},"image":{"@id":"https:\/\/zaziltunich.com\/#\/schema\/logo\/image\/"}}]}},"taxonomy_info":{"product_cat":[{"value":136,"label":"Romance"}]},"featured_image_src_large":["https:\/\/zaziltunich.com\/wp-content\/uploads\/2024\/10\/Captura-de-Pantalla-2024-01-14-a-las-2.47.20-p.m-1.png",800,800,false],"author_info":[],"comment_info":0,"_links":{"self":[{"href":"https:\/\/zaziltunich.com\/en\/wp-json\/wp\/v2\/product\/23083"}],"collection":[{"href":"https:\/\/zaziltunich.com\/en\/wp-json\/wp\/v2\/product"}],"about":[{"href":"https:\/\/zaziltunich.com\/en\/wp-json\/wp\/v2\/types\/product"}],"replies":[{"embeddable":true,"href":"https:\/\/zaziltunich.com\/en\/wp-json\/wp\/v2\/comments?post=23083"}],"wp:featuredmedia":[{"embeddable":true,"href":"https:\/\/zaziltunich.com\/en\/wp-json\/wp\/v2\/media\/23084"}],"wp:attachment":[{"href":"https:\/\/zaziltunich.com\/en\/wp-json\/wp\/v2\/media?parent=23083"}],"wp:term":[{"taxonomy":"product_brand","embeddable":true,"href":"https:\/\/zaziltunich.com\/en\/wp-json\/wp\/v2\/product_brand?post=23083"},{"taxonomy":"product_cat","embeddable":true,"href":"https:\/\/zaziltunich.com\/en\/wp-json\/wp\/v2\/product_cat?post=23083"},{"taxonomy":"product_tag","embeddable":true,"href":"https:\/\/zaziltunich.com\/en\/wp-json\/wp\/v2\/product_tag?post=23083"}],"curies":[{"name":"wp","href":"https:\/\/api.w.org\/{rel}","templated":true}]}}