{"id":23060,"date":"2020-12-20T06:15:34","date_gmt":"2020-12-20T11:15:34","guid":{"rendered":"https:\/\/zaziltunich.com\/producto\/noches-de-xibalba\/"},"modified":"2026-04-14T19:14:29","modified_gmt":"2026-04-15T01:14:29","slug":"noches-de-xibalba","status":"publish","type":"product","link":"https:\/\/zaziltunich.com\/en\/reservaciones\/noches-de-xibalba\/","title":{"rendered":"Xibalb\u00e1 with food"},"content":{"rendered":"<p><span style=\"font-weight: 400;\">The Mayan Underworld experience is a personalized guided tour that includes the Mayan Ceremony for free from Wednesday to Monday.<\/span><\/p>\n<p><span style=\"font-weight: 400;\">In this experience you will be able to enjoy a guided tour through a place full of history, where great events of the Mayan culture occurred where the stones tell their story, you will learn part of the Mayan Mythology through the Legend of Xibalb\u00e1 and its 9 levels to the Underworld Maya in the company of our guide, then you will go down to the eighth and ninth levels of the Mayan Underworld, where you can immerse yourself in the crystal clear waters of a sacred cenote.<\/span><\/p>\n<p><span style=\"font-weight: 400;\">To complement the Experience we have lunch or dinner in our Mayan dining room or around a bonfire, the meal is 3 courses (starter-main course-dessert) all very typical of the region cooked in a traditional way over wood and very organic. with handmade tortillas at the moment, DRINKS NOT INCLUDED.<\/span><\/p>\n<p>&#8211; <em>If transportation is required, the departure is from the city of Valladolid.<\/em><\/p>","protected":false},"excerpt":{"rendered":"<p style=\"text-align: justify;\">Recorrido todos los d\u00edas en los horarios: <b>15:00 hr, 17:00 hr y 19:00 hr.<br \/>\n<\/b><\/p>\n<p style=\"text-align: justify;\">Recorrido con COMIDA INCLUIDA<\/p>\n<p style=\"text-align: justify;\">Para vivir la Experiencia los EXPLORADORES deben realizar su reservaci\u00f3n, cada recorrido es de grupos m\u00e1ximos de 20 personas, que permitir\u00e1 vivir y disfrutar el recorrido, as\u00ed como nadar en nuestro Cenote de aguas poco profundas, en un ambiente de exclusividad<\/p>\n<p style=\"text-align: justify;\"><b>TIPS:<\/b><br \/>\n-Zapatos o sandalias para agua<br \/>\n-Toallas<br \/>\n-Repelente y bloqueador Biodegradable<br \/>\n\u2013 No se permite Introducir: Alimentos y Bebidas<\/p>\n<p>&#8211; Si se requiere transportaci\u00f3n, la salida es desde la ciudad de Valladolid<\/p>","protected":false},"featured_media":39838,"comment_status":"closed","ping_status":"closed","template":"","meta":{"_kad_blocks_custom_css":"","_kad_blocks_head_custom_js":"","_kad_blocks_body_custom_js":"","_kad_blocks_footer_custom_js":"","_joinchat":[]},"product_brand":[],"product_cat":[26],"product_tag":[],"class_list":{"0":"post-23060","1":"product","2":"type-product","3":"status-publish","4":"has-post-thumbnail","6":"product_cat-experiencias","8":"first","9":"instock","10":"virtual","11":"sold-individually","12":"taxable","13":"purchasable","14":"product-type-booking"},"exclude_global_add_ons":[],"addons":[],"yoast_head":"<!-- This site is optimized with the Yoast SEO Premium plugin v22.8 (Yoast SEO v25.6) - https:\/\/yoast.com\/wordpress\/plugins\/seo\/ -->\n<title>Xibalb\u00e1 con comida - Zazil Tunich - Cenote mas Premiado de Yucat\u00e1n<\/title>\n<meta name=\"robots\" content=\"index, follow, max-snippet:-1, max-image-preview:large, max-video-preview:-1\" \/>\n<link rel=\"canonical\" href=\"https:\/\/zaziltunich.com\/en\/reservaciones\/noches-de-xibalba\/\" \/>\n<meta property=\"og:locale\" content=\"en_US\" \/>\n<meta property=\"og:type\" content=\"article\" \/>\n<meta property=\"og:title\" content=\"Xibalb\u00e1 con comida\" \/>\n<meta property=\"og:description\" content=\"Recorrido todos los d\u00edas en los horarios: 15:00 hr, 17:00 hr y 19:00 hr.  Recorrido con COMIDA INCLUIDA Para vivir la Experiencia los EXPLORADORES deben realizar su reservaci\u00f3n, cada recorrido es de grupos m\u00e1ximos de 20 personas, que permitir\u00e1 vivir y disfrutar el recorrido, as\u00ed como nadar en nuestro Cenote de aguas poco profundas, en un ambiente de exclusividad TIPS: -Zapatos o sandalias para agua -Toallas -Repelente y bloqueador Biodegradable \u2013 No se permite Introducir: Alimentos y Bebidas - Si se requiere transportaci\u00f3n, la salida es desde la ciudad de Valladolid\" \/>\n<meta property=\"og:url\" content=\"https:\/\/zaziltunich.com\/en\/reservaciones\/noches-de-xibalba\/\" \/>\n<meta property=\"og:site_name\" content=\"Zazil Tunich - Cenote mas Premiado de Yucat\u00e1n\" \/>\n<meta property=\"article:modified_time\" content=\"2026-04-15T01:14:29+00:00\" \/>\n<meta property=\"og:image\" content=\"https:\/\/zaziltunich.com\/wp-content\/uploads\/2025\/01\/pedida3-908x1024.png\" \/>\n\t<meta property=\"og:image:width\" content=\"908\" \/>\n\t<meta property=\"og:image:height\" content=\"1024\" \/>\n\t<meta property=\"og:image:type\" content=\"image\/png\" \/>\n<meta name=\"twitter:card\" content=\"summary_large_image\" \/>\n<meta name=\"twitter:label1\" content=\"Est. reading time\" \/>\n\t<meta name=\"twitter:data1\" content=\"1 minute\" \/>\n<script type=\"application\/ld+json\" class=\"yoast-schema-graph\">{\"@context\":\"https:\/\/schema.org\",\"@graph\":[{\"@type\":\"WebPage\",\"@id\":\"https:\/\/zaziltunich.com\/reservaciones\/noches-de-xibalba\/\",\"url\":\"https:\/\/zaziltunich.com\/reservaciones\/noches-de-xibalba\/\",\"name\":\"Xibalb\u00e1 con comida - Zazil Tunich - Cenote mas Premiado de Yucat\u00e1n\",\"isPartOf\":{\"@id\":\"https:\/\/zaziltunich.com\/#website\"},\"primaryImageOfPage\":{\"@id\":\"https:\/\/zaziltunich.com\/reservaciones\/noches-de-xibalba\/#primaryimage\"},\"image\":{\"@id\":\"https:\/\/zaziltunich.com\/reservaciones\/noches-de-xibalba\/#primaryimage\"},\"thumbnailUrl\":\"https:\/\/zaziltunich.com\/wp-content\/uploads\/2025\/01\/pedida3.png\",\"datePublished\":\"2020-12-20T11:15:34+00:00\",\"dateModified\":\"2026-04-15T01:14:29+00:00\",\"breadcrumb\":{\"@id\":\"https:\/\/zaziltunich.com\/reservaciones\/noches-de-xibalba\/#breadcrumb\"},\"inLanguage\":\"en-US\",\"potentialAction\":[{\"@type\":\"ReadAction\",\"target\":[\"https:\/\/zaziltunich.com\/reservaciones\/noches-de-xibalba\/\"]}]},{\"@type\":\"ImageObject\",\"inLanguage\":\"en-US\",\"@id\":\"https:\/\/zaziltunich.com\/reservaciones\/noches-de-xibalba\/#primaryimage\",\"url\":\"https:\/\/zaziltunich.com\/wp-content\/uploads\/2025\/01\/pedida3.png\",\"contentUrl\":\"https:\/\/zaziltunich.com\/wp-content\/uploads\/2025\/01\/pedida3.png\",\"width\":1596,\"height\":1800},{\"@type\":\"BreadcrumbList\",\"@id\":\"https:\/\/zaziltunich.com\/reservaciones\/noches-de-xibalba\/#breadcrumb\",\"itemListElement\":[{\"@type\":\"ListItem\",\"position\":1,\"name\":\"Inicio\",\"item\":\"https:\/\/zaziltunich.com\/\"},{\"@type\":\"ListItem\",\"position\":2,\"name\":\"Reservaciones\",\"item\":\"https:\/\/zaziltunich.com\/reservaciones\/\"},{\"@type\":\"ListItem\",\"position\":3,\"name\":\"Xibalb\u00e1 con comida\"}]},{\"@type\":\"WebSite\",\"@id\":\"https:\/\/zaziltunich.com\/#website\",\"url\":\"https:\/\/zaziltunich.com\/\",\"name\":\"Zazil Tunich - Cenote mas Premiado de Yucat\u00e1n\",\"description\":\"Cenote en Valladolid, Zazil Tunich el \u00fanico Cenote Museo de M\u00e9xico y m\u00e1s premiado de Yucat\u00e1n, donde conocer\u00e1s la estalactita mas grande de Yucatan, una experiencia \u00fanica sin turismo masivo.\",\"publisher\":{\"@id\":\"https:\/\/zaziltunich.com\/#organization\"},\"potentialAction\":[{\"@type\":\"SearchAction\",\"target\":{\"@type\":\"EntryPoint\",\"urlTemplate\":\"https:\/\/zaziltunich.com\/?s={search_term_string}\"},\"query-input\":{\"@type\":\"PropertyValueSpecification\",\"valueRequired\":true,\"valueName\":\"search_term_string\"}}],\"inLanguage\":\"en-US\"},{\"@type\":\"Organization\",\"@id\":\"https:\/\/zaziltunich.com\/#organization\",\"name\":\"Zazil Tunich - Cenote mas Premiado de Yucat\u00e1n\",\"url\":\"https:\/\/zaziltunich.com\/\",\"logo\":{\"@type\":\"ImageObject\",\"inLanguage\":\"en-US\",\"@id\":\"https:\/\/zaziltunich.com\/#\/schema\/logo\/image\/\",\"url\":\"https:\/\/zaziltunich.com\/wp-content\/uploads\/2024\/10\/2.png\",\"contentUrl\":\"https:\/\/zaziltunich.com\/wp-content\/uploads\/2024\/10\/2.png\",\"width\":4000,\"height\":4000,\"caption\":\"Zazil Tunich - Cenote mas Premiado de Yucat\u00e1n\"},\"image\":{\"@id\":\"https:\/\/zaziltunich.com\/#\/schema\/logo\/image\/\"}}]}<\/script>\n<!-- \/ Yoast SEO Premium plugin. -->","yoast_head_json":{"title":"Xibalb\u00e1 con comida - Zazil Tunich - Cenote mas Premiado de Yucat\u00e1n","robots":{"index":"index","follow":"follow","max-snippet":"max-snippet:-1","max-image-preview":"max-image-preview:large","max-video-preview":"max-video-preview:-1"},"canonical":"https:\/\/zaziltunich.com\/en\/reservaciones\/noches-de-xibalba\/","og_locale":"en_US","og_type":"article","og_title":"Xibalb\u00e1 con comida","og_description":"Recorrido todos los d\u00edas en los horarios: 15:00 hr, 17:00 hr y 19:00 hr.  Recorrido con COMIDA INCLUIDA Para vivir la Experiencia los EXPLORADORES deben realizar su reservaci\u00f3n, cada recorrido es de grupos m\u00e1ximos de 20 personas, que permitir\u00e1 vivir y disfrutar el recorrido, as\u00ed como nadar en nuestro Cenote de aguas poco profundas, en un ambiente de exclusividad TIPS: -Zapatos o sandalias para agua -Toallas -Repelente y bloqueador Biodegradable \u2013 No se permite Introducir: Alimentos y Bebidas - Si se requiere transportaci\u00f3n, la salida es desde la ciudad de Valladolid","og_url":"https:\/\/zaziltunich.com\/en\/reservaciones\/noches-de-xibalba\/","og_site_name":"Zazil Tunich - Cenote mas Premiado de Yucat\u00e1n","article_modified_time":"2026-04-15T01:14:29+00:00","og_image":[{"width":908,"height":1024,"url":"https:\/\/zaziltunich.com\/wp-content\/uploads\/2025\/01\/pedida3-908x1024.png","type":"image\/png"}],"twitter_card":"summary_large_image","twitter_misc":{"Est. reading time":"1 minute"},"schema":{"@context":"https:\/\/schema.org","@graph":[{"@type":"WebPage","@id":"https:\/\/zaziltunich.com\/reservaciones\/noches-de-xibalba\/","url":"https:\/\/zaziltunich.com\/reservaciones\/noches-de-xibalba\/","name":"Xibalb\u00e1 con comida - Zazil Tunich - Cenote mas Premiado de Yucat\u00e1n","isPartOf":{"@id":"https:\/\/zaziltunich.com\/#website"},"primaryImageOfPage":{"@id":"https:\/\/zaziltunich.com\/reservaciones\/noches-de-xibalba\/#primaryimage"},"image":{"@id":"https:\/\/zaziltunich.com\/reservaciones\/noches-de-xibalba\/#primaryimage"},"thumbnailUrl":"https:\/\/zaziltunich.com\/wp-content\/uploads\/2025\/01\/pedida3.png","datePublished":"2020-12-20T11:15:34+00:00","dateModified":"2026-04-15T01:14:29+00:00","breadcrumb":{"@id":"https:\/\/zaziltunich.com\/reservaciones\/noches-de-xibalba\/#breadcrumb"},"inLanguage":"en-US","potentialAction":[{"@type":"ReadAction","target":["https:\/\/zaziltunich.com\/reservaciones\/noches-de-xibalba\/"]}]},{"@type":"ImageObject","inLanguage":"en-US","@id":"https:\/\/zaziltunich.com\/reservaciones\/noches-de-xibalba\/#primaryimage","url":"https:\/\/zaziltunich.com\/wp-content\/uploads\/2025\/01\/pedida3.png","contentUrl":"https:\/\/zaziltunich.com\/wp-content\/uploads\/2025\/01\/pedida3.png","width":1596,"height":1800},{"@type":"BreadcrumbList","@id":"https:\/\/zaziltunich.com\/reservaciones\/noches-de-xibalba\/#breadcrumb","itemListElement":[{"@type":"ListItem","position":1,"name":"Inicio","item":"https:\/\/zaziltunich.com\/"},{"@type":"ListItem","position":2,"name":"Reservaciones","item":"https:\/\/zaziltunich.com\/reservaciones\/"},{"@type":"ListItem","position":3,"name":"Xibalb\u00e1 con comida"}]},{"@type":"WebSite","@id":"https:\/\/zaziltunich.com\/#website","url":"https:\/\/zaziltunich.com\/","name":"Zazil Tunich - Cenote mas Premiado de Yucat\u00e1n","description":"Cenote en Valladolid, Zazil Tunich el \u00fanico Cenote Museo de M\u00e9xico y m\u00e1s premiado de Yucat\u00e1n, donde conocer\u00e1s la estalactita mas grande de Yucatan, una experiencia \u00fanica sin turismo masivo.","publisher":{"@id":"https:\/\/zaziltunich.com\/#organization"},"potentialAction":[{"@type":"SearchAction","target":{"@type":"EntryPoint","urlTemplate":"https:\/\/zaziltunich.com\/?s={search_term_string}"},"query-input":{"@type":"PropertyValueSpecification","valueRequired":true,"valueName":"search_term_string"}}],"inLanguage":"en-US"},{"@type":"Organization","@id":"https:\/\/zaziltunich.com\/#organization","name":"Zazil Tunich - Cenote mas Premiado de Yucat\u00e1n","url":"https:\/\/zaziltunich.com\/","logo":{"@type":"ImageObject","inLanguage":"en-US","@id":"https:\/\/zaziltunich.com\/#\/schema\/logo\/image\/","url":"https:\/\/zaziltunich.com\/wp-content\/uploads\/2024\/10\/2.png","contentUrl":"https:\/\/zaziltunich.com\/wp-content\/uploads\/2024\/10\/2.png","width":4000,"height":4000,"caption":"Zazil Tunich - Cenote mas Premiado de Yucat\u00e1n"},"image":{"@id":"https:\/\/zaziltunich.com\/#\/schema\/logo\/image\/"}}]}},"taxonomy_info":{"product_cat":[{"value":26,"label":"Experiencias"}]},"featured_image_src_large":["https:\/\/zaziltunich.com\/wp-content\/uploads\/2025\/01\/pedida3-908x1024.png",800,902,true],"author_info":[],"comment_info":0,"_links":{"self":[{"href":"https:\/\/zaziltunich.com\/en\/wp-json\/wp\/v2\/product\/23060"}],"collection":[{"href":"https:\/\/zaziltunich.com\/en\/wp-json\/wp\/v2\/product"}],"about":[{"href":"https:\/\/zaziltunich.com\/en\/wp-json\/wp\/v2\/types\/product"}],"replies":[{"embeddable":true,"href":"https:\/\/zaziltunich.com\/en\/wp-json\/wp\/v2\/comments?post=23060"}],"wp:featuredmedia":[{"embeddable":true,"href":"https:\/\/zaziltunich.com\/en\/wp-json\/wp\/v2\/media\/39838"}],"wp:attachment":[{"href":"https:\/\/zaziltunich.com\/en\/wp-json\/wp\/v2\/media?parent=23060"}],"wp:term":[{"taxonomy":"product_brand","embeddable":true,"href":"https:\/\/zaziltunich.com\/en\/wp-json\/wp\/v2\/product_brand?post=23060"},{"taxonomy":"product_cat","embeddable":true,"href":"https:\/\/zaziltunich.com\/en\/wp-json\/wp\/v2\/product_cat?post=23060"},{"taxonomy":"product_tag","embeddable":true,"href":"https:\/\/zaziltunich.com\/en\/wp-json\/wp\/v2\/product_tag?post=23060"}],"curies":[{"name":"wp","href":"https:\/\/api.w.org\/{rel}","templated":true}]}}