{"id":679,"date":"2024-10-21T18:48:51","date_gmt":"2024-10-21T23:48:51","guid":{"rendered":"https:\/\/zaziltunich.com\/?page_id=679"},"modified":"2025-07-14T09:38:43","modified_gmt":"2025-07-14T15:38:43","slug":"fundacion","status":"publish","type":"page","link":"https:\/\/zaziltunich.com\/en\/fundacion\/","title":{"rendered":"Donate"},"content":{"rendered":"<div data-elementor-type=\"wp-page\" data-elementor-id=\"679\" class=\"elementor elementor-679\" data-elementor-post-type=\"page\">\n\t\t\t\t<div class=\"elementor-element elementor-element-9e49ed5 e-flex e-con-boxed wpr-particle-no wpr-jarallax-no wpr-parallax-no wpr-sticky-section-no e-con e-parent\" data-id=\"9e49ed5\" data-element_type=\"container\" data-settings=\"{&quot;background_background&quot;:&quot;classic&quot;}\">\n\t\t\t\t\t<div class=\"e-con-inner\">\n\t\t\t\t<div class=\"elementor-element elementor-element-8c0191f elementor-widget elementor-widget-heading\" data-id=\"8c0191f\" data-element_type=\"widget\" data-widget_type=\"heading.default\">\n\t\t\t\t<div class=\"elementor-widget-container\">\n\t\t\t\t\t<h1 class=\"elementor-heading-title elementor-size-default\">Donate<\/h1>\t\t\t\t<\/div>\n\t\t\t\t<\/div>\n\t\t\t\t<div class=\"elementor-element elementor-element-5905ae8 elementor-widget-divider--view-line elementor-widget elementor-widget-divider\" data-id=\"5905ae8\" data-element_type=\"widget\" data-widget_type=\"divider.default\">\n\t\t\t\t<div class=\"elementor-widget-container\">\n\t\t\t\t\t\t\t<div class=\"elementor-divider\">\n\t\t\t<span class=\"elementor-divider-separator\">\n\t\t\t\t\t\t<\/span>\n\t\t<\/div>\n\t\t\t\t\t\t<\/div>\n\t\t\t\t<\/div>\n\t\t\t\t\t<\/div>\n\t\t\t\t<\/div>\n\t\t<div class=\"elementor-element elementor-element-2904aa6 e-flex e-con-boxed wpr-particle-no wpr-jarallax-no wpr-parallax-no wpr-sticky-section-no e-con e-parent\" data-id=\"2904aa6\" data-element_type=\"container\">\n\t\t\t\t\t<div class=\"e-con-inner\">\n\t\t\t\t<div class=\"elementor-element elementor-element-ab87aa2 elementor-widget elementor-widget-heading\" data-id=\"ab87aa2\" data-element_type=\"widget\" data-widget_type=\"heading.default\">\n\t\t\t\t<div class=\"elementor-widget-container\">\n\t\t\t\t\t<h2 class=\"elementor-heading-title elementor-size-default\">Strengthening Families Association IAP<\/h2>\t\t\t\t<\/div>\n\t\t\t\t<\/div>\n\t\t\t\t\t<\/div>\n\t\t\t\t<\/div>\n\t\t<div class=\"elementor-element elementor-element-8029498 e-flex e-con-boxed wpr-particle-no wpr-jarallax-no wpr-parallax-no wpr-sticky-section-no e-con e-parent\" data-id=\"8029498\" data-element_type=\"container\">\n\t\t\t\t\t<div class=\"e-con-inner\">\n\t\t<div class=\"elementor-element elementor-element-7b2b420 e-con-full e-flex wpr-particle-no wpr-jarallax-no wpr-parallax-no wpr-sticky-section-no e-con e-child\" data-id=\"7b2b420\" data-element_type=\"container\">\n\t\t\t\t<div class=\"elementor-element elementor-element-7fb4415 elementor-arrows-position-inside elementor-widget elementor-widget-image-carousel\" data-id=\"7fb4415\" data-element_type=\"widget\" data-settings=\"{&quot;slides_to_show&quot;:&quot;1&quot;,&quot;navigation&quot;:&quot;arrows&quot;,&quot;autoplay&quot;:&quot;yes&quot;,&quot;pause_on_hover&quot;:&quot;yes&quot;,&quot;pause_on_interaction&quot;:&quot;yes&quot;,&quot;autoplay_speed&quot;:5000,&quot;infinite&quot;:&quot;yes&quot;,&quot;effect&quot;:&quot;slide&quot;,&quot;speed&quot;:500}\" data-widget_type=\"image-carousel.default\">\n\t\t\t\t<div class=\"elementor-widget-container\">\n\t\t\t\t\t\t\t<div class=\"elementor-image-carousel-wrapper swiper\" role=\"region\" aria-roledescription=\"carousel\" aria-label=\"Carrusel de Im\u00e1genes\" dir=\"ltr\">\n\t\t\t<div class=\"elementor-image-carousel swiper-wrapper swiper-image-stretch\" aria-live=\"off\">\n\t\t\t\t\t\t\t\t<div class=\"swiper-slide\" role=\"group\" aria-roledescription=\"slide\" aria-label=\"1 of 2\"><figure class=\"swiper-slide-inner\"><img decoding=\"async\" class=\"swiper-slide-image\" src=\"https:\/\/zaziltunich.com\/wp-content\/uploads\/2024\/01\/Captura-de-pantalla-2024-01-14-a-las-17.21.07-1024x1024-1.png\" alt=\"Captura-de-pantalla-2024-01-14-a-las-17.21.07-1024x1024\" \/><\/figure><\/div><div class=\"swiper-slide\" role=\"group\" aria-roledescription=\"slide\" aria-label=\"2 of 2\"><figure class=\"swiper-slide-inner\"><img decoding=\"async\" class=\"swiper-slide-image\" src=\"https:\/\/zaziltunich.com\/wp-content\/uploads\/2024\/01\/Captura-de-pantalla-2024-01-14-a-las-17.20.10-600x600-1.png\" alt=\"Captura-de-pantalla-2024-01-14-a-las-17.20.10-600x600\" \/><\/figure><\/div>\t\t\t<\/div>\n\t\t\t\t\t\t\t\t\t\t\t\t<div class=\"elementor-swiper-button elementor-swiper-button-prev\" role=\"button\" tabindex=\"0\">\n\t\t\t\t\t\t<i aria-hidden=\"true\" class=\"eicon-chevron-left\"><\/i>\t\t\t\t\t<\/div>\n\t\t\t\t\t<div class=\"elementor-swiper-button elementor-swiper-button-next\" role=\"button\" tabindex=\"0\">\n\t\t\t\t\t\t<i aria-hidden=\"true\" class=\"eicon-chevron-right\"><\/i>\t\t\t\t\t<\/div>\n\t\t\t\t\n\t\t\t\t\t\t\t\t\t<\/div>\n\t\t\t\t\t\t<\/div>\n\t\t\t\t<\/div>\n\t\t\t\t<\/div>\n\t\t<div class=\"elementor-element elementor-element-ad46d1f e-con-full e-flex wpr-particle-no wpr-jarallax-no wpr-parallax-no wpr-sticky-section-no e-con e-child\" data-id=\"ad46d1f\" data-element_type=\"container\">\n\t\t\t\t<div class=\"elementor-element elementor-element-73b7674 zt_leer_mas gris elementor-widget elementor-widget-text-editor\" data-id=\"73b7674\" data-element_type=\"widget\" data-widget_type=\"text-editor.default\">\n\t\t\t\t<div class=\"elementor-widget-container\">\n\t\t\t\t\t\t\t\t\t<p>\"Social Responsibility at Zazil Tunich and Maya Village Xeneba\"<\/p><p>At Zazil Tunich, social responsibility is a fundamental part of our project. Through the Maya Village Xeneba and our Cenote-Museum, we work to support nearby Maya communities, with a special focus on single mothers in vulnerable situations.<\/p><p>Many men migrate to the Mexican Caribbean in search of work, leaving their families behind. This has caused mothers and children to face abandonment and a loss of connection with their traditions. Our goal is to restore their pride and dignity through the preservation of their culture and the creation of opportunities.<\/p><p>We support the production of hammocks, embroidery, honey, and handicrafts, channeling their products through our sales and projects. Additionally, we collaborate with the Civil Association. <em>Fortaleciendo Familias<\/em>, para garantizar que sus esfuerzos sean parte esencial de nuestra experiencia, desde la decoraci\u00f3n de nuestras instalaciones hasta los productos org\u00e1nicos que usamos en la Cocina Maya.<\/p><p>At Zazil Tunich, more than just a destination, we are a bridge to the greatness and pride of our Maya communities. By visiting us, you too become a part of this positive change.<\/p>\t\t\t\t\t\t\t\t<\/div>\n\t\t\t\t<\/div>\n\t\t\t\t<\/div>\n\t\t\t\t\t<\/div>\n\t\t\t\t<\/div>\n\t\t<div class=\"elementor-element elementor-element-7206d5a e-flex e-con-boxed wpr-particle-no wpr-jarallax-no wpr-parallax-no wpr-sticky-section-no e-con e-parent\" data-id=\"7206d5a\" data-element_type=\"container\">\n\t\t\t\t\t<div class=\"e-con-inner\">\n\t\t\t\t<div class=\"elementor-element elementor-element-66ac217 elementor-widget elementor-widget-heading\" data-id=\"66ac217\" data-element_type=\"widget\" data-widget_type=\"heading.default\">\n\t\t\t\t<div class=\"elementor-widget-container\">\n\t\t\t\t\t<h2 class=\"elementor-heading-title elementor-size-default\">Would you like to support Mayan single mothers?\n<\/h2>\t\t\t\t<\/div>\n\t\t\t\t<\/div>\n\t\t<div class=\"elementor-element elementor-element-fbf4c17 e-con-full e-flex wpr-particle-no wpr-jarallax-no wpr-parallax-no wpr-sticky-section-no e-con e-child\" data-id=\"fbf4c17\" data-element_type=\"container\">\n\t\t<div class=\"elementor-element elementor-element-a946d7e e-con-full e-flex wpr-particle-no wpr-jarallax-no wpr-parallax-no wpr-sticky-section-no e-con e-child\" data-id=\"a946d7e\" data-element_type=\"container\">\n\t\t\t\t<div class=\"elementor-element elementor-element-1be1311 elementor-widget elementor-widget-text-editor\" data-id=\"1be1311\" data-element_type=\"widget\" data-widget_type=\"text-editor.default\">\n\t\t\t\t<div class=\"elementor-widget-container\">\n\t\t\t\t\t\t\t\t\t<p><span style=\"color: var( --e-global-color-text ); font-family: var( --e-global-typography-text-font-family ), Sans-serif; font-weight: var( --e-global-typography-text-font-weight ); font-size: 1rem;\">It is possible to receive a donation that will help our families in Mayan communities to improve their quality of life and productive and sustainable projects, within a framework of cultural and natural respect.<\/span><\/p>\t\t\t\t\t\t\t\t<\/div>\n\t\t\t\t<\/div>\n\t\t\t\t<\/div>\n\t\t<div class=\"elementor-element elementor-element-d620ecb e-con-full e-flex wpr-particle-no wpr-jarallax-no wpr-parallax-no wpr-sticky-section-no e-con e-child\" data-id=\"d620ecb\" data-element_type=\"container\">\n\t\t\t\t<div class=\"elementor-element elementor-element-f90e34b elementor-widget elementor-widget-image\" data-id=\"f90e34b\" data-element_type=\"widget\" data-widget_type=\"image.default\">\n\t\t\t\t<div class=\"elementor-widget-container\">\n\t\t\t\t\t\t\t\t\t\t\t\t\t\t\t<img fetchpriority=\"high\" decoding=\"async\" width=\"300\" height=\"254\" src=\"https:\/\/zaziltunich.com\/wp-content\/uploads\/2024\/10\/logo-fundacion-300x254-1.webp\" class=\"attachment-full size-full wp-image-703\" alt=\"\" \/>\t\t\t\t\t\t\t\t\t\t\t\t\t\t\t<\/div>\n\t\t\t\t<\/div>\n\t\t\t\t<\/div>\n\t\t\t\t<\/div>\n\t\t\t\t\t<\/div>\n\t\t\t\t<\/div>\n\t\t\t\t<\/div>","protected":false},"excerpt":{"rendered":"<p>Asociaci\u00f3n Fortaleciendo Familias IAP &#8220;Responsabilidad Social en Zazil Tunich y Aldea Maya Xeneba&#8221; En Zazil Tunich, la responsabilidad social es parte fundamental de nuestro proyecto. A trav\u00e9s de la Aldea Maya Xeneba y nuestro Cenote-Museo, trabajamos para apoyar a las comunidades mayas cercanas, con un enfoque especial en las madres solteras en situaci\u00f3n de vulnerabilidad. Muchos hombres migran al Caribe Mexicano en busca de trabajo, dejando atr\u00e1s a sus familias. Esto ha provocado que madres y ni\u00f1os enfrenten abandono y una p\u00e9rdida de conexi\u00f3n con sus tradiciones. Nuestro objetivo es devolverles el orgullo y la dignidad a trav\u00e9s de la preservaci\u00f3n de su cultura y la creaci\u00f3n de oportunidades. Apoyamos la producci\u00f3n de hamacas, bordados, miel y artesan\u00edas, canalizando sus productos a trav\u00e9s de nuestras ventas y proyectos. Adem\u00e1s, trabajamos con la Asociaci\u00f3n Civil Fortaleciendo Familias, para garantizar que sus esfuerzos sean parte esencial de nuestra experiencia, desde la decoraci\u00f3n de nuestras instalaciones hasta los productos org\u00e1nicos que usamos en la Cocina Maya. En Zazil Tunich, m\u00e1s que un destino, somos un puente hacia la grandeza y el orgullo de nuestras comunidades mayas. Al visitarnos, t\u00fa tambi\u00e9n te conviertes en parte de este cambio positivo. \u00bfTe gustar\u00eda apoyar a madres solteras Mayas ? Es posible recibir un donativo que ayudar\u00e1 a nuestras familias de comunidades mayas, para mejorar su calidad de vida y proyectos productivos y sustentables, bajo un marco de respeto cultural y natural.<\/p>","protected":false},"author":1,"featured_media":0,"parent":0,"menu_order":0,"comment_status":"closed","ping_status":"closed","template":"","meta":{"_kad_blocks_custom_css":"","_kad_blocks_head_custom_js":"","_kad_blocks_body_custom_js":"","_kad_blocks_footer_custom_js":"","_joinchat":[],"footnotes":""},"class_list":["post-679","page","type-page","status-publish","hentry"],"yoast_head":"<!-- This site is optimized with the Yoast SEO Premium plugin v22.8 (Yoast SEO v25.6) - https:\/\/yoast.com\/wordpress\/plugins\/seo\/ -->\n<title>Donar - Zazil Tunich - Cenote mas Premiado de Yucat\u00e1n<\/title>\n<meta name=\"robots\" content=\"index, follow, max-snippet:-1, max-image-preview:large, max-video-preview:-1\" \/>\n<link rel=\"canonical\" href=\"https:\/\/zaziltunich.com\/en\/fundacion\/\" \/>\n<meta property=\"og:locale\" content=\"en_US\" \/>\n<meta property=\"og:type\" content=\"article\" \/>\n<meta property=\"og:title\" content=\"Donar\" \/>\n<meta property=\"og:description\" content=\"Asociaci\u00f3n Fortaleciendo Familias IAP &#8220;Responsabilidad Social en Zazil Tunich y Aldea Maya Xeneba&#8221; En Zazil Tunich, la responsabilidad social es parte fundamental de nuestro proyecto. A trav\u00e9s de la Aldea Maya Xeneba y nuestro Cenote-Museo, trabajamos para apoyar a las comunidades mayas cercanas, con un enfoque especial en las madres solteras en situaci\u00f3n de vulnerabilidad. Muchos hombres migran al Caribe Mexicano en busca de trabajo, dejando atr\u00e1s a sus familias. Esto ha provocado que madres y ni\u00f1os enfrenten abandono y una p\u00e9rdida de conexi\u00f3n con sus tradiciones. Nuestro objetivo es devolverles el orgullo y la dignidad a trav\u00e9s de la preservaci\u00f3n de su cultura y la creaci\u00f3n de oportunidades. Apoyamos la producci\u00f3n de hamacas, bordados, miel y artesan\u00edas, canalizando sus productos a trav\u00e9s de nuestras ventas y proyectos. Adem\u00e1s, trabajamos con la Asociaci\u00f3n Civil Fortaleciendo Familias, para garantizar que sus esfuerzos sean parte esencial de nuestra experiencia, desde la decoraci\u00f3n de nuestras instalaciones hasta los productos org\u00e1nicos que usamos en la Cocina Maya. En Zazil Tunich, m\u00e1s que un destino, somos un puente hacia la grandeza y el orgullo de nuestras comunidades mayas. Al visitarnos, t\u00fa tambi\u00e9n te conviertes en parte de este cambio positivo. \u00bfTe gustar\u00eda apoyar a madres solteras Mayas ? Es posible recibir un donativo que ayudar\u00e1 a nuestras familias de comunidades mayas, para mejorar su calidad de vida y proyectos productivos y sustentables, bajo un marco de respeto cultural y natural.\" \/>\n<meta property=\"og:url\" content=\"https:\/\/zaziltunich.com\/en\/fundacion\/\" \/>\n<meta property=\"og:site_name\" content=\"Zazil Tunich - Cenote mas Premiado de Yucat\u00e1n\" \/>\n<meta property=\"article:modified_time\" content=\"2025-07-14T15:38:43+00:00\" \/>\n<meta property=\"og:image\" content=\"https:\/\/zaziltunich.com\/wp-content\/uploads\/2024\/01\/Captura-de-pantalla-2024-01-14-a-las-17.21.07-1024x1024-1.png\" \/>\n<meta name=\"twitter:card\" content=\"summary_large_image\" \/>\n<meta name=\"twitter:label1\" content=\"Est. reading time\" \/>\n\t<meta name=\"twitter:data1\" content=\"3 minutes\" \/>\n<script type=\"application\/ld+json\" class=\"yoast-schema-graph\">{\"@context\":\"https:\/\/schema.org\",\"@graph\":[{\"@type\":\"WebPage\",\"@id\":\"https:\/\/zaziltunich.com\/fundacion\/\",\"url\":\"https:\/\/zaziltunich.com\/fundacion\/\",\"name\":\"Donar - Zazil Tunich - Cenote mas Premiado de Yucat\u00e1n\",\"isPartOf\":{\"@id\":\"https:\/\/zaziltunich.com\/#website\"},\"primaryImageOfPage\":{\"@id\":\"https:\/\/zaziltunich.com\/fundacion\/#primaryimage\"},\"image\":{\"@id\":\"https:\/\/zaziltunich.com\/fundacion\/#primaryimage\"},\"thumbnailUrl\":\"https:\/\/zaziltunich.com\/wp-content\/uploads\/2024\/01\/Captura-de-pantalla-2024-01-14-a-las-17.21.07-1024x1024-1.png\",\"datePublished\":\"2024-10-21T23:48:51+00:00\",\"dateModified\":\"2025-07-14T15:38:43+00:00\",\"breadcrumb\":{\"@id\":\"https:\/\/zaziltunich.com\/fundacion\/#breadcrumb\"},\"inLanguage\":\"en-US\",\"potentialAction\":[{\"@type\":\"ReadAction\",\"target\":[\"https:\/\/zaziltunich.com\/fundacion\/\"]}]},{\"@type\":\"ImageObject\",\"inLanguage\":\"en-US\",\"@id\":\"https:\/\/zaziltunich.com\/fundacion\/#primaryimage\",\"url\":\"https:\/\/zaziltunich.com\/wp-content\/uploads\/2024\/01\/Captura-de-pantalla-2024-01-14-a-las-17.21.07-1024x1024-1.png\",\"contentUrl\":\"https:\/\/zaziltunich.com\/wp-content\/uploads\/2024\/01\/Captura-de-pantalla-2024-01-14-a-las-17.21.07-1024x1024-1.png\"},{\"@type\":\"BreadcrumbList\",\"@id\":\"https:\/\/zaziltunich.com\/fundacion\/#breadcrumb\",\"itemListElement\":[{\"@type\":\"ListItem\",\"position\":1,\"name\":\"Inicio\",\"item\":\"https:\/\/zaziltunich.com\/\"},{\"@type\":\"ListItem\",\"position\":2,\"name\":\"Donar\"}]},{\"@type\":\"WebSite\",\"@id\":\"https:\/\/zaziltunich.com\/#website\",\"url\":\"https:\/\/zaziltunich.com\/\",\"name\":\"Zazil Tunich - Cenote mas Premiado de Yucat\u00e1n\",\"description\":\"Cenote en Valladolid, Zazil Tunich el \u00fanico Cenote Museo de M\u00e9xico y m\u00e1s premiado de Yucat\u00e1n, donde conocer\u00e1s la estalactita mas grande de Yucatan, una experiencia \u00fanica sin turismo masivo.\",\"publisher\":{\"@id\":\"https:\/\/zaziltunich.com\/#organization\"},\"potentialAction\":[{\"@type\":\"SearchAction\",\"target\":{\"@type\":\"EntryPoint\",\"urlTemplate\":\"https:\/\/zaziltunich.com\/?s={search_term_string}\"},\"query-input\":{\"@type\":\"PropertyValueSpecification\",\"valueRequired\":true,\"valueName\":\"search_term_string\"}}],\"inLanguage\":\"en-US\"},{\"@type\":\"Organization\",\"@id\":\"https:\/\/zaziltunich.com\/#organization\",\"name\":\"Zazil Tunich - Cenote mas Premiado de Yucat\u00e1n\",\"url\":\"https:\/\/zaziltunich.com\/\",\"logo\":{\"@type\":\"ImageObject\",\"inLanguage\":\"en-US\",\"@id\":\"https:\/\/zaziltunich.com\/#\/schema\/logo\/image\/\",\"url\":\"https:\/\/zaziltunich.com\/wp-content\/uploads\/2024\/10\/2.png\",\"contentUrl\":\"https:\/\/zaziltunich.com\/wp-content\/uploads\/2024\/10\/2.png\",\"width\":4000,\"height\":4000,\"caption\":\"Zazil Tunich - Cenote mas Premiado de Yucat\u00e1n\"},\"image\":{\"@id\":\"https:\/\/zaziltunich.com\/#\/schema\/logo\/image\/\"}}]}<\/script>\n<!-- \/ Yoast SEO Premium plugin. -->","yoast_head_json":{"title":"Donar - Zazil Tunich - Cenote mas Premiado de Yucat\u00e1n","robots":{"index":"index","follow":"follow","max-snippet":"max-snippet:-1","max-image-preview":"max-image-preview:large","max-video-preview":"max-video-preview:-1"},"canonical":"https:\/\/zaziltunich.com\/en\/fundacion\/","og_locale":"en_US","og_type":"article","og_title":"Donar","og_description":"Asociaci\u00f3n Fortaleciendo Familias IAP &#8220;Responsabilidad Social en Zazil Tunich y Aldea Maya Xeneba&#8221; En Zazil Tunich, la responsabilidad social es parte fundamental de nuestro proyecto. A trav\u00e9s de la Aldea Maya Xeneba y nuestro Cenote-Museo, trabajamos para apoyar a las comunidades mayas cercanas, con un enfoque especial en las madres solteras en situaci\u00f3n de vulnerabilidad. Muchos hombres migran al Caribe Mexicano en busca de trabajo, dejando atr\u00e1s a sus familias. Esto ha provocado que madres y ni\u00f1os enfrenten abandono y una p\u00e9rdida de conexi\u00f3n con sus tradiciones. Nuestro objetivo es devolverles el orgullo y la dignidad a trav\u00e9s de la preservaci\u00f3n de su cultura y la creaci\u00f3n de oportunidades. Apoyamos la producci\u00f3n de hamacas, bordados, miel y artesan\u00edas, canalizando sus productos a trav\u00e9s de nuestras ventas y proyectos. Adem\u00e1s, trabajamos con la Asociaci\u00f3n Civil Fortaleciendo Familias, para garantizar que sus esfuerzos sean parte esencial de nuestra experiencia, desde la decoraci\u00f3n de nuestras instalaciones hasta los productos org\u00e1nicos que usamos en la Cocina Maya. En Zazil Tunich, m\u00e1s que un destino, somos un puente hacia la grandeza y el orgullo de nuestras comunidades mayas. Al visitarnos, t\u00fa tambi\u00e9n te conviertes en parte de este cambio positivo. \u00bfTe gustar\u00eda apoyar a madres solteras Mayas ? Es posible recibir un donativo que ayudar\u00e1 a nuestras familias de comunidades mayas, para mejorar su calidad de vida y proyectos productivos y sustentables, bajo un marco de respeto cultural y natural.","og_url":"https:\/\/zaziltunich.com\/en\/fundacion\/","og_site_name":"Zazil Tunich - Cenote mas Premiado de Yucat\u00e1n","article_modified_time":"2025-07-14T15:38:43+00:00","og_image":[{"url":"https:\/\/zaziltunich.com\/wp-content\/uploads\/2024\/01\/Captura-de-pantalla-2024-01-14-a-las-17.21.07-1024x1024-1.png","type":"","width":"","height":""}],"twitter_card":"summary_large_image","twitter_misc":{"Est. reading time":"3 minutes"},"schema":{"@context":"https:\/\/schema.org","@graph":[{"@type":"WebPage","@id":"https:\/\/zaziltunich.com\/fundacion\/","url":"https:\/\/zaziltunich.com\/fundacion\/","name":"Donar - Zazil Tunich - Cenote mas Premiado de Yucat\u00e1n","isPartOf":{"@id":"https:\/\/zaziltunich.com\/#website"},"primaryImageOfPage":{"@id":"https:\/\/zaziltunich.com\/fundacion\/#primaryimage"},"image":{"@id":"https:\/\/zaziltunich.com\/fundacion\/#primaryimage"},"thumbnailUrl":"https:\/\/zaziltunich.com\/wp-content\/uploads\/2024\/01\/Captura-de-pantalla-2024-01-14-a-las-17.21.07-1024x1024-1.png","datePublished":"2024-10-21T23:48:51+00:00","dateModified":"2025-07-14T15:38:43+00:00","breadcrumb":{"@id":"https:\/\/zaziltunich.com\/fundacion\/#breadcrumb"},"inLanguage":"en-US","potentialAction":[{"@type":"ReadAction","target":["https:\/\/zaziltunich.com\/fundacion\/"]}]},{"@type":"ImageObject","inLanguage":"en-US","@id":"https:\/\/zaziltunich.com\/fundacion\/#primaryimage","url":"https:\/\/zaziltunich.com\/wp-content\/uploads\/2024\/01\/Captura-de-pantalla-2024-01-14-a-las-17.21.07-1024x1024-1.png","contentUrl":"https:\/\/zaziltunich.com\/wp-content\/uploads\/2024\/01\/Captura-de-pantalla-2024-01-14-a-las-17.21.07-1024x1024-1.png"},{"@type":"BreadcrumbList","@id":"https:\/\/zaziltunich.com\/fundacion\/#breadcrumb","itemListElement":[{"@type":"ListItem","position":1,"name":"Inicio","item":"https:\/\/zaziltunich.com\/"},{"@type":"ListItem","position":2,"name":"Donar"}]},{"@type":"WebSite","@id":"https:\/\/zaziltunich.com\/#website","url":"https:\/\/zaziltunich.com\/","name":"Zazil Tunich - Cenote mas Premiado de Yucat\u00e1n","description":"Cenote en Valladolid, Zazil Tunich el \u00fanico Cenote Museo de M\u00e9xico y m\u00e1s premiado de Yucat\u00e1n, donde conocer\u00e1s la estalactita mas grande de Yucatan, una experiencia \u00fanica sin turismo masivo.","publisher":{"@id":"https:\/\/zaziltunich.com\/#organization"},"potentialAction":[{"@type":"SearchAction","target":{"@type":"EntryPoint","urlTemplate":"https:\/\/zaziltunich.com\/?s={search_term_string}"},"query-input":{"@type":"PropertyValueSpecification","valueRequired":true,"valueName":"search_term_string"}}],"inLanguage":"en-US"},{"@type":"Organization","@id":"https:\/\/zaziltunich.com\/#organization","name":"Zazil Tunich - Cenote mas Premiado de Yucat\u00e1n","url":"https:\/\/zaziltunich.com\/","logo":{"@type":"ImageObject","inLanguage":"en-US","@id":"https:\/\/zaziltunich.com\/#\/schema\/logo\/image\/","url":"https:\/\/zaziltunich.com\/wp-content\/uploads\/2024\/10\/2.png","contentUrl":"https:\/\/zaziltunich.com\/wp-content\/uploads\/2024\/10\/2.png","width":4000,"height":4000,"caption":"Zazil Tunich - Cenote mas Premiado de Yucat\u00e1n"},"image":{"@id":"https:\/\/zaziltunich.com\/#\/schema\/logo\/image\/"}}]}},"taxonomy_info":[],"featured_image_src_large":false,"author_info":{"display_name":"Zazil Tunich Xibalba","author_link":"https:\/\/zaziltunich.com\/en\/blog\/author\/gededvalladolid-com-mx\/"},"comment_info":0,"_links":{"self":[{"href":"https:\/\/zaziltunich.com\/en\/wp-json\/wp\/v2\/pages\/679"}],"collection":[{"href":"https:\/\/zaziltunich.com\/en\/wp-json\/wp\/v2\/pages"}],"about":[{"href":"https:\/\/zaziltunich.com\/en\/wp-json\/wp\/v2\/types\/page"}],"author":[{"embeddable":true,"href":"https:\/\/zaziltunich.com\/en\/wp-json\/wp\/v2\/users\/1"}],"replies":[{"embeddable":true,"href":"https:\/\/zaziltunich.com\/en\/wp-json\/wp\/v2\/comments?post=679"}],"version-history":[{"count":0,"href":"https:\/\/zaziltunich.com\/en\/wp-json\/wp\/v2\/pages\/679\/revisions"}],"wp:attachment":[{"href":"https:\/\/zaziltunich.com\/en\/wp-json\/wp\/v2\/media?parent=679"}],"curies":[{"name":"wp","href":"https:\/\/api.w.org\/{rel}","templated":true}]}}