{"id":62,"date":"2024-10-17T12:58:22","date_gmt":"2024-10-17T17:58:22","guid":{"rendered":"https:\/\/zaziltunich.com\/mi-cuenta\/"},"modified":"2025-07-30T17:55:50","modified_gmt":"2025-07-30T23:55:50","slug":"mi-cuenta","status":"publish","type":"page","link":"https:\/\/zaziltunich.com\/en\/mi-cuenta\/","title":{"rendered":"Mi cuenta"},"content":{"rendered":"<div data-elementor-type=\"wp-page\" data-elementor-id=\"62\" class=\"elementor elementor-62\" data-elementor-post-type=\"page\">\n\t\t\t\t<div class=\"elementor-element elementor-element-420c31fd e-flex e-con-boxed wpr-particle-no wpr-jarallax-no wpr-parallax-no wpr-sticky-section-no e-con e-parent\" data-id=\"420c31fd\" data-element_type=\"container\">\n\t\t\t\t\t<div class=\"e-con-inner\">\n\t\t\t\t<div class=\"elementor-element elementor-element-586ac86d elementor-widget elementor-widget-heading\" data-id=\"586ac86d\" data-element_type=\"widget\" data-widget_type=\"heading.default\">\n\t\t\t\t<div class=\"elementor-widget-container\">\n\t\t\t\t\t<h1 class=\"elementor-heading-title elementor-size-default\">Mi cuenta<\/h1>\t\t\t\t<\/div>\n\t\t\t\t<\/div>\n\t\t\t\t\t<\/div>\n\t\t\t\t<\/div>\n\t\t<div class=\"elementor-element elementor-element-60e15b36 e-flex e-con-boxed wpr-particle-no wpr-jarallax-no wpr-parallax-no wpr-sticky-section-no e-con e-parent\" data-id=\"60e15b36\" data-element_type=\"container\">\n\t\t\t\t\t<div class=\"e-con-inner\">\n\t\t\t\t<div class=\"elementor-element elementor-element-655c53c1 e-my-account-tabs-vertical elementor-widget elementor-widget-woocommerce-my-account\" data-id=\"655c53c1\" data-element_type=\"widget\" data-widget_type=\"woocommerce-my-account.default\">\n\t\t\t\t<div class=\"elementor-widget-container\">\n\t\t\t\t\t<div class=\"e-my-account-tab e-my-account-tab__\">\t\t\t<div class=\"woocommerce\"><\/div>\t\t<\/div>\n\t\t\t\t\t\t<\/div>\n\t\t\t\t<\/div>\n\t\t\t\t\t<\/div>\n\t\t\t\t<\/div>\n\t\t\t\t<\/div>","protected":false},"excerpt":{"rendered":"<p>Escritorio Pedidos Descargas Direcciones Detalles de la cuenta Bookings Cerrar sesi\u00f3n Hola geded@valladolid.com.mx (\u00bfno eres geded@valladolid.com.mx? Cerrar sesi\u00f3n) Desde el panel de control de tu cuenta puedes ver tus pedidos recientes, gestionar tus direcciones de env\u00edo y facturaci\u00f3n y editar tu contrase\u00f1a y los detalles de tu cuenta.<\/p>","protected":false},"author":1,"featured_media":0,"parent":0,"menu_order":0,"comment_status":"closed","ping_status":"closed","template":"","meta":{"_kad_blocks_custom_css":"","_kad_blocks_head_custom_js":"","_kad_blocks_body_custom_js":"","_kad_blocks_footer_custom_js":"","_joinchat":[],"footnotes":""},"class_list":["post-62","page","type-page","status-publish","hentry"],"yoast_head":"<!-- This site is optimized with the Yoast SEO Premium plugin v22.8 (Yoast SEO v25.6) - https:\/\/yoast.com\/wordpress\/plugins\/seo\/ -->\n<title>Mi cuenta - Zazil Tunich - Cenote mas Premiado de Yucat\u00e1n<\/title>\n<meta name=\"robots\" content=\"index, follow, max-snippet:-1, max-image-preview:large, max-video-preview:-1\" \/>\n<link rel=\"canonical\" href=\"https:\/\/zaziltunich.com\/en\/mi-cuenta\/\" \/>\n<meta property=\"og:locale\" content=\"en_US\" \/>\n<meta property=\"og:type\" content=\"article\" \/>\n<meta property=\"og:title\" content=\"Mi cuenta\" \/>\n<meta property=\"og:description\" content=\"Escritorio Pedidos Descargas Direcciones Detalles de la cuenta Bookings Cerrar sesi\u00f3n Hola geded@valladolid.com.mx (\u00bfno eres geded@valladolid.com.mx? Cerrar sesi\u00f3n) Desde el panel de control de tu cuenta puedes ver tus pedidos recientes, gestionar tus direcciones de env\u00edo y facturaci\u00f3n y editar tu contrase\u00f1a y los detalles de tu cuenta.\" \/>\n<meta property=\"og:url\" content=\"https:\/\/zaziltunich.com\/en\/mi-cuenta\/\" \/>\n<meta property=\"og:site_name\" content=\"Zazil Tunich - Cenote mas Premiado de Yucat\u00e1n\" \/>\n<meta property=\"article:modified_time\" content=\"2025-07-30T23:55:50+00:00\" \/>\n<meta name=\"twitter:card\" content=\"summary_large_image\" \/>\n<script type=\"application\/ld+json\" class=\"yoast-schema-graph\">{\"@context\":\"https:\/\/schema.org\",\"@graph\":[{\"@type\":\"WebPage\",\"@id\":\"https:\/\/zaziltunich.com\/mi-cuenta\/\",\"url\":\"https:\/\/zaziltunich.com\/mi-cuenta\/\",\"name\":\"Mi cuenta - Zazil Tunich - Cenote mas Premiado de Yucat\u00e1n\",\"isPartOf\":{\"@id\":\"https:\/\/zaziltunich.com\/#website\"},\"datePublished\":\"2024-10-17T17:58:22+00:00\",\"dateModified\":\"2025-07-30T23:55:50+00:00\",\"breadcrumb\":{\"@id\":\"https:\/\/zaziltunich.com\/mi-cuenta\/#breadcrumb\"},\"inLanguage\":\"en-US\",\"potentialAction\":[{\"@type\":\"ReadAction\",\"target\":[\"https:\/\/zaziltunich.com\/mi-cuenta\/\"]}]},{\"@type\":\"BreadcrumbList\",\"@id\":\"https:\/\/zaziltunich.com\/mi-cuenta\/#breadcrumb\",\"itemListElement\":[{\"@type\":\"ListItem\",\"position\":1,\"name\":\"Inicio\",\"item\":\"https:\/\/zaziltunich.com\/\"},{\"@type\":\"ListItem\",\"position\":2,\"name\":\"Mi cuenta\"}]},{\"@type\":\"WebSite\",\"@id\":\"https:\/\/zaziltunich.com\/#website\",\"url\":\"https:\/\/zaziltunich.com\/\",\"name\":\"Zazil Tunich - Cenote mas Premiado de Yucat\u00e1n\",\"description\":\"Cenote en Valladolid, Zazil Tunich el \u00fanico Cenote Museo de M\u00e9xico y m\u00e1s premiado de Yucat\u00e1n, donde conocer\u00e1s la estalactita mas grande de Yucatan, una experiencia \u00fanica sin turismo masivo.\",\"publisher\":{\"@id\":\"https:\/\/zaziltunich.com\/#organization\"},\"potentialAction\":[{\"@type\":\"SearchAction\",\"target\":{\"@type\":\"EntryPoint\",\"urlTemplate\":\"https:\/\/zaziltunich.com\/?s={search_term_string}\"},\"query-input\":{\"@type\":\"PropertyValueSpecification\",\"valueRequired\":true,\"valueName\":\"search_term_string\"}}],\"inLanguage\":\"en-US\"},{\"@type\":\"Organization\",\"@id\":\"https:\/\/zaziltunich.com\/#organization\",\"name\":\"Zazil Tunich - Cenote mas Premiado de Yucat\u00e1n\",\"url\":\"https:\/\/zaziltunich.com\/\",\"logo\":{\"@type\":\"ImageObject\",\"inLanguage\":\"en-US\",\"@id\":\"https:\/\/zaziltunich.com\/#\/schema\/logo\/image\/\",\"url\":\"https:\/\/zaziltunich.com\/wp-content\/uploads\/2024\/10\/2.png\",\"contentUrl\":\"https:\/\/zaziltunich.com\/wp-content\/uploads\/2024\/10\/2.png\",\"width\":4000,\"height\":4000,\"caption\":\"Zazil Tunich - Cenote mas Premiado de Yucat\u00e1n\"},\"image\":{\"@id\":\"https:\/\/zaziltunich.com\/#\/schema\/logo\/image\/\"}}]}<\/script>\n<!-- \/ Yoast SEO Premium plugin. -->","yoast_head_json":{"title":"Mi cuenta - Zazil Tunich - Cenote mas Premiado de Yucat\u00e1n","robots":{"index":"index","follow":"follow","max-snippet":"max-snippet:-1","max-image-preview":"max-image-preview:large","max-video-preview":"max-video-preview:-1"},"canonical":"https:\/\/zaziltunich.com\/en\/mi-cuenta\/","og_locale":"en_US","og_type":"article","og_title":"Mi cuenta","og_description":"Escritorio Pedidos Descargas Direcciones Detalles de la cuenta Bookings Cerrar sesi\u00f3n Hola geded@valladolid.com.mx (\u00bfno eres geded@valladolid.com.mx? Cerrar sesi\u00f3n) Desde el panel de control de tu cuenta puedes ver tus pedidos recientes, gestionar tus direcciones de env\u00edo y facturaci\u00f3n y editar tu contrase\u00f1a y los detalles de tu cuenta.","og_url":"https:\/\/zaziltunich.com\/en\/mi-cuenta\/","og_site_name":"Zazil Tunich - Cenote mas Premiado de Yucat\u00e1n","article_modified_time":"2025-07-30T23:55:50+00:00","twitter_card":"summary_large_image","schema":{"@context":"https:\/\/schema.org","@graph":[{"@type":"WebPage","@id":"https:\/\/zaziltunich.com\/mi-cuenta\/","url":"https:\/\/zaziltunich.com\/mi-cuenta\/","name":"Mi cuenta - Zazil Tunich - Cenote mas Premiado de Yucat\u00e1n","isPartOf":{"@id":"https:\/\/zaziltunich.com\/#website"},"datePublished":"2024-10-17T17:58:22+00:00","dateModified":"2025-07-30T23:55:50+00:00","breadcrumb":{"@id":"https:\/\/zaziltunich.com\/mi-cuenta\/#breadcrumb"},"inLanguage":"en-US","potentialAction":[{"@type":"ReadAction","target":["https:\/\/zaziltunich.com\/mi-cuenta\/"]}]},{"@type":"BreadcrumbList","@id":"https:\/\/zaziltunich.com\/mi-cuenta\/#breadcrumb","itemListElement":[{"@type":"ListItem","position":1,"name":"Inicio","item":"https:\/\/zaziltunich.com\/"},{"@type":"ListItem","position":2,"name":"Mi cuenta"}]},{"@type":"WebSite","@id":"https:\/\/zaziltunich.com\/#website","url":"https:\/\/zaziltunich.com\/","name":"Zazil Tunich - Cenote mas Premiado de Yucat\u00e1n","description":"Cenote en Valladolid, Zazil Tunich el \u00fanico Cenote Museo de M\u00e9xico y m\u00e1s premiado de Yucat\u00e1n, donde conocer\u00e1s la estalactita mas grande de Yucatan, una experiencia \u00fanica sin turismo masivo.","publisher":{"@id":"https:\/\/zaziltunich.com\/#organization"},"potentialAction":[{"@type":"SearchAction","target":{"@type":"EntryPoint","urlTemplate":"https:\/\/zaziltunich.com\/?s={search_term_string}"},"query-input":{"@type":"PropertyValueSpecification","valueRequired":true,"valueName":"search_term_string"}}],"inLanguage":"en-US"},{"@type":"Organization","@id":"https:\/\/zaziltunich.com\/#organization","name":"Zazil Tunich - Cenote mas Premiado de Yucat\u00e1n","url":"https:\/\/zaziltunich.com\/","logo":{"@type":"ImageObject","inLanguage":"en-US","@id":"https:\/\/zaziltunich.com\/#\/schema\/logo\/image\/","url":"https:\/\/zaziltunich.com\/wp-content\/uploads\/2024\/10\/2.png","contentUrl":"https:\/\/zaziltunich.com\/wp-content\/uploads\/2024\/10\/2.png","width":4000,"height":4000,"caption":"Zazil Tunich - Cenote mas Premiado de Yucat\u00e1n"},"image":{"@id":"https:\/\/zaziltunich.com\/#\/schema\/logo\/image\/"}}]}},"taxonomy_info":[],"featured_image_src_large":false,"author_info":{"display_name":"Zazil Tunich Xibalba","author_link":"https:\/\/zaziltunich.com\/en\/blog\/author\/gededvalladolid-com-mx\/"},"comment_info":0,"_links":{"self":[{"href":"https:\/\/zaziltunich.com\/en\/wp-json\/wp\/v2\/pages\/62"}],"collection":[{"href":"https:\/\/zaziltunich.com\/en\/wp-json\/wp\/v2\/pages"}],"about":[{"href":"https:\/\/zaziltunich.com\/en\/wp-json\/wp\/v2\/types\/page"}],"author":[{"embeddable":true,"href":"https:\/\/zaziltunich.com\/en\/wp-json\/wp\/v2\/users\/1"}],"replies":[{"embeddable":true,"href":"https:\/\/zaziltunich.com\/en\/wp-json\/wp\/v2\/comments?post=62"}],"version-history":[{"count":0,"href":"https:\/\/zaziltunich.com\/en\/wp-json\/wp\/v2\/pages\/62\/revisions"}],"wp:attachment":[{"href":"https:\/\/zaziltunich.com\/en\/wp-json\/wp\/v2\/media?parent=62"}],"curies":[{"name":"wp","href":"https:\/\/api.w.org\/{rel}","templated":true}]}}