{"id":59,"date":"2024-10-17T12:58:22","date_gmt":"2024-10-17T17:58:22","guid":{"rendered":"https:\/\/zaziltunich.com\/tienda\/"},"modified":"2025-08-13T11:51:07","modified_gmt":"2025-08-13T17:51:07","slug":"reservaciones","status":"publish","type":"page","link":"https:\/\/zaziltunich.com\/en\/reservaciones\/","title":{"rendered":"Reservations"},"content":{"rendered":"","protected":false},"excerpt":{"rendered":"","protected":false},"author":1,"featured_media":41741,"parent":0,"menu_order":0,"comment_status":"closed","ping_status":"closed","template":"","meta":{"_kad_blocks_custom_css":"","_kad_blocks_head_custom_js":"","_kad_blocks_body_custom_js":"","_kad_blocks_footer_custom_js":"","_joinchat":[],"footnotes":""},"class_list":["post-59","page","type-page","status-publish","has-post-thumbnail","hentry"],"yoast_head":"<!-- This site is optimized with the Yoast SEO Premium plugin v22.8 (Yoast SEO v25.6) - https:\/\/yoast.com\/wordpress\/plugins\/seo\/ -->\n<title>Reservaciones - Zazil Tunich , El Cenote m\u00e1s premiado de Yucat\u00e1n<\/title>\n<meta name=\"description\" content=\"Reservaciones para vivir una experiencia en el \u00fanico cenote museo de M\u00e9xico, el cenote mas premiado de Yucat\u00e1n, Ven y Vivelo !!! .\" \/>\n<meta name=\"robots\" content=\"index, follow, max-snippet:-1, max-image-preview:large, max-video-preview:-1\" \/>\n<link rel=\"canonical\" href=\"https:\/\/zaziltunich.com\/en\/reservaciones\/\" \/>\n<meta property=\"og:locale\" content=\"en_US\" \/>\n<meta property=\"og:type\" content=\"article\" \/>\n<meta property=\"og:title\" content=\"Reservaciones\" \/>\n<meta property=\"og:description\" content=\"Reservaciones para vivir una experiencia en el \u00fanico cenote museo de M\u00e9xico, el cenote mas premiado de Yucat\u00e1n, Ven y Vivelo !!! .\" \/>\n<meta property=\"og:url\" content=\"https:\/\/zaziltunich.com\/en\/reservaciones\/\" \/>\n<meta property=\"og:site_name\" content=\"Zazil Tunich - Cenote mas Premiado de Yucat\u00e1n\" \/>\n<meta property=\"article:modified_time\" content=\"2025-08-13T17:51:07+00:00\" \/>\n<meta property=\"og:image\" content=\"https:\/\/zaziltunich.com\/wp-content\/uploads\/2025\/08\/5083485e-d650-4ce1-80db-f767e9d33cea-1.jpg\" \/>\n\t<meta property=\"og:image:width\" content=\"1080\" \/>\n\t<meta property=\"og:image:height\" content=\"1184\" \/>\n\t<meta property=\"og:image:type\" content=\"image\/jpeg\" \/>\n<meta name=\"twitter:card\" content=\"summary_large_image\" \/>\n<meta name=\"twitter:label1\" content=\"Est. reading time\" \/>\n\t<meta name=\"twitter:data1\" content=\"1 minute\" \/>\n<script type=\"application\/ld+json\" class=\"yoast-schema-graph\">{\"@context\":\"https:\/\/schema.org\",\"@graph\":[{\"@type\":\"WebPage\",\"@id\":\"https:\/\/zaziltunich.com\/reservaciones\/\",\"url\":\"https:\/\/zaziltunich.com\/reservaciones\/\",\"name\":\"Reservaciones - Zazil Tunich , El Cenote m\u00e1s premiado de Yucat\u00e1n\",\"isPartOf\":{\"@id\":\"https:\/\/zaziltunich.com\/#website\"},\"primaryImageOfPage\":{\"@id\":\"https:\/\/zaziltunich.com\/reservaciones\/#primaryimage\"},\"image\":{\"@id\":\"https:\/\/zaziltunich.com\/reservaciones\/#primaryimage\"},\"thumbnailUrl\":\"https:\/\/zaziltunich.com\/wp-content\/uploads\/2025\/08\/5083485e-d650-4ce1-80db-f767e9d33cea-1.jpg\",\"datePublished\":\"2024-10-17T17:58:22+00:00\",\"dateModified\":\"2025-08-13T17:51:07+00:00\",\"description\":\"Reservaciones para vivir una experiencia en el \u00fanico cenote museo de M\u00e9xico, el cenote mas premiado de Yucat\u00e1n, Ven y Vivelo !!! .\",\"breadcrumb\":{\"@id\":\"https:\/\/zaziltunich.com\/reservaciones\/#breadcrumb\"},\"inLanguage\":\"en-US\",\"potentialAction\":[{\"@type\":\"ReadAction\",\"target\":[\"https:\/\/zaziltunich.com\/reservaciones\/\"]}]},{\"@type\":\"ImageObject\",\"inLanguage\":\"en-US\",\"@id\":\"https:\/\/zaziltunich.com\/reservaciones\/#primaryimage\",\"url\":\"https:\/\/zaziltunich.com\/wp-content\/uploads\/2025\/08\/5083485e-d650-4ce1-80db-f767e9d33cea-1.jpg\",\"contentUrl\":\"https:\/\/zaziltunich.com\/wp-content\/uploads\/2025\/08\/5083485e-d650-4ce1-80db-f767e9d33cea-1.jpg\",\"width\":1080,\"height\":1184,\"caption\":\"Una Experiencia a 20 metros bajo tierra en Xibalba\"},{\"@type\":\"BreadcrumbList\",\"@id\":\"https:\/\/zaziltunich.com\/reservaciones\/#breadcrumb\",\"itemListElement\":[{\"@type\":\"ListItem\",\"position\":1,\"name\":\"Inicio\",\"item\":\"https:\/\/zaziltunich.com\/\"},{\"@type\":\"ListItem\",\"position\":2,\"name\":\"Reservaciones\"}]},{\"@type\":\"WebSite\",\"@id\":\"https:\/\/zaziltunich.com\/#website\",\"url\":\"https:\/\/zaziltunich.com\/\",\"name\":\"Zazil Tunich - Cenote mas Premiado de Yucat\u00e1n\",\"description\":\"Cenote en Valladolid, Zazil Tunich el \u00fanico Cenote Museo de M\u00e9xico y m\u00e1s premiado de Yucat\u00e1n, donde conocer\u00e1s la estalactita mas grande de Yucatan, una experiencia \u00fanica sin turismo masivo.\",\"publisher\":{\"@id\":\"https:\/\/zaziltunich.com\/#organization\"},\"potentialAction\":[{\"@type\":\"SearchAction\",\"target\":{\"@type\":\"EntryPoint\",\"urlTemplate\":\"https:\/\/zaziltunich.com\/?s={search_term_string}\"},\"query-input\":{\"@type\":\"PropertyValueSpecification\",\"valueRequired\":true,\"valueName\":\"search_term_string\"}}],\"inLanguage\":\"en-US\"},{\"@type\":\"Organization\",\"@id\":\"https:\/\/zaziltunich.com\/#organization\",\"name\":\"Zazil Tunich - Cenote mas Premiado de Yucat\u00e1n\",\"url\":\"https:\/\/zaziltunich.com\/\",\"logo\":{\"@type\":\"ImageObject\",\"inLanguage\":\"en-US\",\"@id\":\"https:\/\/zaziltunich.com\/#\/schema\/logo\/image\/\",\"url\":\"https:\/\/zaziltunich.com\/wp-content\/uploads\/2024\/10\/2.png\",\"contentUrl\":\"https:\/\/zaziltunich.com\/wp-content\/uploads\/2024\/10\/2.png\",\"width\":4000,\"height\":4000,\"caption\":\"Zazil Tunich - Cenote mas Premiado de Yucat\u00e1n\"},\"image\":{\"@id\":\"https:\/\/zaziltunich.com\/#\/schema\/logo\/image\/\"}}]}<\/script>\n<!-- \/ Yoast SEO Premium plugin. -->","yoast_head_json":{"title":"Reservaciones - Zazil Tunich , El Cenote m\u00e1s premiado de Yucat\u00e1n","description":"Reservaciones para vivir una experiencia en el \u00fanico cenote museo de M\u00e9xico, el cenote mas premiado de Yucat\u00e1n, Ven y Vivelo !!! .","robots":{"index":"index","follow":"follow","max-snippet":"max-snippet:-1","max-image-preview":"max-image-preview:large","max-video-preview":"max-video-preview:-1"},"canonical":"https:\/\/zaziltunich.com\/en\/reservaciones\/","og_locale":"en_US","og_type":"article","og_title":"Reservaciones","og_description":"Reservaciones para vivir una experiencia en el \u00fanico cenote museo de M\u00e9xico, el cenote mas premiado de Yucat\u00e1n, Ven y Vivelo !!! .","og_url":"https:\/\/zaziltunich.com\/en\/reservaciones\/","og_site_name":"Zazil Tunich - Cenote mas Premiado de Yucat\u00e1n","article_modified_time":"2025-08-13T17:51:07+00:00","og_image":[{"width":1080,"height":1184,"url":"https:\/\/zaziltunich.com\/wp-content\/uploads\/2025\/08\/5083485e-d650-4ce1-80db-f767e9d33cea-1.jpg","type":"image\/jpeg"}],"twitter_card":"summary_large_image","twitter_misc":{"Est. reading time":"1 minute"},"schema":{"@context":"https:\/\/schema.org","@graph":[{"@type":"WebPage","@id":"https:\/\/zaziltunich.com\/reservaciones\/","url":"https:\/\/zaziltunich.com\/reservaciones\/","name":"Reservaciones - Zazil Tunich , El Cenote m\u00e1s premiado de Yucat\u00e1n","isPartOf":{"@id":"https:\/\/zaziltunich.com\/#website"},"primaryImageOfPage":{"@id":"https:\/\/zaziltunich.com\/reservaciones\/#primaryimage"},"image":{"@id":"https:\/\/zaziltunich.com\/reservaciones\/#primaryimage"},"thumbnailUrl":"https:\/\/zaziltunich.com\/wp-content\/uploads\/2025\/08\/5083485e-d650-4ce1-80db-f767e9d33cea-1.jpg","datePublished":"2024-10-17T17:58:22+00:00","dateModified":"2025-08-13T17:51:07+00:00","description":"Reservaciones para vivir una experiencia en el \u00fanico cenote museo de M\u00e9xico, el cenote mas premiado de Yucat\u00e1n, Ven y Vivelo !!! .","breadcrumb":{"@id":"https:\/\/zaziltunich.com\/reservaciones\/#breadcrumb"},"inLanguage":"en-US","potentialAction":[{"@type":"ReadAction","target":["https:\/\/zaziltunich.com\/reservaciones\/"]}]},{"@type":"ImageObject","inLanguage":"en-US","@id":"https:\/\/zaziltunich.com\/reservaciones\/#primaryimage","url":"https:\/\/zaziltunich.com\/wp-content\/uploads\/2025\/08\/5083485e-d650-4ce1-80db-f767e9d33cea-1.jpg","contentUrl":"https:\/\/zaziltunich.com\/wp-content\/uploads\/2025\/08\/5083485e-d650-4ce1-80db-f767e9d33cea-1.jpg","width":1080,"height":1184,"caption":"Una Experiencia a 20 metros bajo tierra en Xibalba"},{"@type":"BreadcrumbList","@id":"https:\/\/zaziltunich.com\/reservaciones\/#breadcrumb","itemListElement":[{"@type":"ListItem","position":1,"name":"Inicio","item":"https:\/\/zaziltunich.com\/"},{"@type":"ListItem","position":2,"name":"Reservaciones"}]},{"@type":"WebSite","@id":"https:\/\/zaziltunich.com\/#website","url":"https:\/\/zaziltunich.com\/","name":"Zazil Tunich - Cenote mas Premiado de Yucat\u00e1n","description":"Cenote en Valladolid, Zazil Tunich el \u00fanico Cenote Museo de M\u00e9xico y m\u00e1s premiado de Yucat\u00e1n, donde conocer\u00e1s la estalactita mas grande de Yucatan, una experiencia \u00fanica sin turismo masivo.","publisher":{"@id":"https:\/\/zaziltunich.com\/#organization"},"potentialAction":[{"@type":"SearchAction","target":{"@type":"EntryPoint","urlTemplate":"https:\/\/zaziltunich.com\/?s={search_term_string}"},"query-input":{"@type":"PropertyValueSpecification","valueRequired":true,"valueName":"search_term_string"}}],"inLanguage":"en-US"},{"@type":"Organization","@id":"https:\/\/zaziltunich.com\/#organization","name":"Zazil Tunich - Cenote mas Premiado de Yucat\u00e1n","url":"https:\/\/zaziltunich.com\/","logo":{"@type":"ImageObject","inLanguage":"en-US","@id":"https:\/\/zaziltunich.com\/#\/schema\/logo\/image\/","url":"https:\/\/zaziltunich.com\/wp-content\/uploads\/2024\/10\/2.png","contentUrl":"https:\/\/zaziltunich.com\/wp-content\/uploads\/2024\/10\/2.png","width":4000,"height":4000,"caption":"Zazil Tunich - Cenote mas Premiado de Yucat\u00e1n"},"image":{"@id":"https:\/\/zaziltunich.com\/#\/schema\/logo\/image\/"}}]}},"taxonomy_info":[],"featured_image_src_large":["https:\/\/zaziltunich.com\/wp-content\/uploads\/2025\/08\/5083485e-d650-4ce1-80db-f767e9d33cea-1-934x1024.jpg",800,877,true],"author_info":{"display_name":"Zazil Tunich Xibalba","author_link":"https:\/\/zaziltunich.com\/en\/blog\/author\/gededvalladolid-com-mx\/"},"comment_info":0,"_links":{"self":[{"href":"https:\/\/zaziltunich.com\/en\/wp-json\/wp\/v2\/pages\/59"}],"collection":[{"href":"https:\/\/zaziltunich.com\/en\/wp-json\/wp\/v2\/pages"}],"about":[{"href":"https:\/\/zaziltunich.com\/en\/wp-json\/wp\/v2\/types\/page"}],"author":[{"embeddable":true,"href":"https:\/\/zaziltunich.com\/en\/wp-json\/wp\/v2\/users\/1"}],"replies":[{"embeddable":true,"href":"https:\/\/zaziltunich.com\/en\/wp-json\/wp\/v2\/comments?post=59"}],"version-history":[{"count":0,"href":"https:\/\/zaziltunich.com\/en\/wp-json\/wp\/v2\/pages\/59\/revisions"}],"wp:featuredmedia":[{"embeddable":true,"href":"https:\/\/zaziltunich.com\/en\/wp-json\/wp\/v2\/media\/41741"}],"wp:attachment":[{"href":"https:\/\/zaziltunich.com\/en\/wp-json\/wp\/v2\/media?parent=59"}],"curies":[{"name":"wp","href":"https:\/\/api.w.org\/{rel}","templated":true}]}}