{"id":30838,"date":"2024-10-29T19:28:10","date_gmt":"2024-10-30T00:28:10","guid":{"rendered":"https:\/\/zaziltunich.com\/?page_id=30838"},"modified":"2024-11-20T20:43:13","modified_gmt":"2024-11-21T01:43:13","slug":"descargar-guia","status":"publish","type":"page","link":"https:\/\/zaziltunich.com\/en\/descargar-guia\/","title":{"rendered":"Descargar gu\u00eda"},"content":{"rendered":"<div data-elementor-type=\"wp-page\" data-elementor-id=\"30838\" class=\"elementor elementor-30838\" data-elementor-post-type=\"page\">\n\t\t\t\t<div class=\"elementor-element elementor-element-48b92284 e-flex e-con-boxed wpr-particle-no wpr-jarallax-no wpr-parallax-no wpr-sticky-section-no e-con e-parent\" data-id=\"48b92284\" data-element_type=\"container\">\n\t\t\t\t\t<div class=\"e-con-inner\">\n\t\t<div class=\"elementor-element elementor-element-249636c5 e-con-full e-flex wpr-particle-no wpr-jarallax-no wpr-parallax-no wpr-sticky-section-no e-con e-child\" data-id=\"249636c5\" data-element_type=\"container\">\n\t\t\t\t<div class=\"elementor-element elementor-element-45ef88b5 elementor-widget elementor-widget-image\" data-id=\"45ef88b5\" data-element_type=\"widget\" data-widget_type=\"image.default\">\n\t\t\t\t<div class=\"elementor-widget-container\">\n\t\t\t\t\t\t\t\t\t\t\t\t\t\t\t<img fetchpriority=\"high\" decoding=\"async\" width=\"533\" height=\"755\" src=\"https:\/\/zaziltunich.com\/wp-content\/uploads\/2024\/10\/Captura-de-pantalla-2024-09-24-211603.webp\" class=\"attachment-full size-full wp-image-30340\" alt=\"\" srcset=\"https:\/\/zaziltunich.com\/wp-content\/uploads\/2024\/10\/Captura-de-pantalla-2024-09-24-211603.webp 533w, https:\/\/zaziltunich.com\/wp-content\/uploads\/2024\/10\/Captura-de-pantalla-2024-09-24-211603-212x300.webp 212w\" sizes=\"(max-width: 533px) 100vw, 533px\" \/>\t\t\t\t\t\t\t\t\t\t\t\t\t\t\t<\/div>\n\t\t\t\t<\/div>\n\t\t\t\t<\/div>\n\t\t<div class=\"elementor-element elementor-element-36c94a85 e-con-full e-flex wpr-particle-no wpr-jarallax-no wpr-parallax-no wpr-sticky-section-no e-con e-child\" data-id=\"36c94a85\" data-element_type=\"container\">\n\t\t\t\t<div class=\"elementor-element elementor-element-689406ab elementor-widget elementor-widget-heading\" data-id=\"689406ab\" data-element_type=\"widget\" data-widget_type=\"heading.default\">\n\t\t\t\t<div class=\"elementor-widget-container\">\n\t\t\t\t\t<h2 class=\"elementor-heading-title elementor-size-default\">\u00a1Gracias!<\/h2>\t\t\t\t<\/div>\n\t\t\t\t<\/div>\n\t\t\t\t<div class=\"elementor-element elementor-element-41557e9c elementor-widget elementor-widget-heading\" data-id=\"41557e9c\" data-element_type=\"widget\" data-widget_type=\"heading.default\">\n\t\t\t\t<div class=\"elementor-widget-container\">\n\t\t\t\t\t<h2 class=\"elementor-heading-title elementor-size-default\">Haz descargado la Gu\u00eda Tur\u00edstica de Valladolid.\nTe llegar\u00e1 un correo con el link para descargar.\n<\/h2>\t\t\t\t<\/div>\n\t\t\t\t<\/div>\n\t\t\t\t<div class=\"elementor-element elementor-element-118517d0 elementor-widget elementor-widget-heading\" data-id=\"118517d0\" data-element_type=\"widget\" data-widget_type=\"heading.default\">\n\t\t\t\t<div class=\"elementor-widget-container\">\n\t\t\t\t\t<h2 class=\"elementor-heading-title elementor-size-default\">Por Favor revisa tu carpeta de correo de no deseados o spam si no lo haz recibido, y agr\u00e9galo a tu lista , para recibir actualizaciones.<\/h2>\t\t\t\t<\/div>\n\t\t\t\t<\/div>\n\t\t\t\t<div class=\"elementor-element elementor-element-2f8b2928 elementor-widget elementor-widget-heading\" data-id=\"2f8b2928\" data-element_type=\"widget\" data-widget_type=\"heading.default\">\n\t\t\t\t<div class=\"elementor-widget-container\">\n\t\t\t\t\t<h2 class=\"elementor-heading-title elementor-size-default\">Si deseas tambi\u00e9n puede hacer  <a href=\"https:\/\/zaziltunich.com\/en\/descargar-pdf\/\"><u>click aqu\u00ed<\/u><\/a>  y desc\u00e1rgala ahora<\/h2>\t\t\t\t<\/div>\n\t\t\t\t<\/div>\n\t\t\t\t<div class=\"elementor-element elementor-element-8f21dc4 elementor-align-center elementor-widget elementor-widget-button\" data-id=\"8f21dc4\" data-element_type=\"widget\" data-widget_type=\"button.default\">\n\t\t\t\t<div class=\"elementor-widget-container\">\n\t\t\t\t\t\t\t\t\t<div class=\"elementor-button-wrapper\">\n\t\t\t\t\t<a class=\"elementor-button elementor-button-link elementor-size-sm\" href=\"https:\/\/zaziltunich.com\/en\/blog\/\">\n\t\t\t\t\t\t<span class=\"elementor-button-content-wrapper\">\n\t\t\t\t\t\t\t\t\t<span class=\"elementor-button-text\">Regresar al blog<\/span>\n\t\t\t\t\t<\/span>\n\t\t\t\t\t<\/a>\n\t\t\t\t<\/div>\n\t\t\t\t\t\t\t\t<\/div>\n\t\t\t\t<\/div>\n\t\t\t\t<\/div>\n\t\t\t\t\t<\/div>\n\t\t\t\t<\/div>\n\t\t\t\t<\/div>","protected":false},"excerpt":{"rendered":"<p>\u00a1Gracias! Haz descargado la Gu\u00eda Tur\u00edstica de Valladolid. Te llegar\u00e1 un correo con el link para descargar. Por Favor revisa tu carpeta de correo de no deseados o spam si no lo haz recibido, y agr\u00e9galo a tu lista , para recibir actualizaciones. Si deseas tambi\u00e9n puede hacer click aqu\u00ed y desc\u00e1rgala ahora Regresar al blog<\/p>","protected":false},"author":1,"featured_media":0,"parent":0,"menu_order":0,"comment_status":"closed","ping_status":"closed","template":"","meta":{"_kad_blocks_custom_css":"","_kad_blocks_head_custom_js":"","_kad_blocks_body_custom_js":"","_kad_blocks_footer_custom_js":"","_joinchat":[],"footnotes":""},"class_list":["post-30838","page","type-page","status-publish","hentry"],"yoast_head":"<!-- This site is optimized with the Yoast SEO Premium plugin v22.8 (Yoast SEO v25.6) - https:\/\/yoast.com\/wordpress\/plugins\/seo\/ -->\n<title>Descargar gu\u00eda - Zazil Tunich - Cenote mas Premiado de Yucat\u00e1n<\/title>\n<meta name=\"robots\" content=\"index, follow, max-snippet:-1, max-image-preview:large, max-video-preview:-1\" \/>\n<link rel=\"canonical\" href=\"https:\/\/zaziltunich.com\/en\/descargar-guia\/\" \/>\n<meta property=\"og:locale\" content=\"en_US\" \/>\n<meta property=\"og:type\" content=\"article\" \/>\n<meta property=\"og:title\" content=\"Descargar gu\u00eda\" \/>\n<meta property=\"og:description\" content=\"\u00a1Gracias! Haz descargado la Gu\u00eda Tur\u00edstica de Valladolid. Te llegar\u00e1 un correo con el link para descargar. Por Favor revisa tu carpeta de correo de no deseados o spam si no lo haz recibido, y agr\u00e9galo a tu lista , para recibir actualizaciones. Si deseas tambi\u00e9n puede hacer click aqu\u00ed y desc\u00e1rgala ahora Regresar al blog\" \/>\n<meta property=\"og:url\" content=\"https:\/\/zaziltunich.com\/en\/descargar-guia\/\" \/>\n<meta property=\"og:site_name\" content=\"Zazil Tunich - Cenote mas Premiado de Yucat\u00e1n\" \/>\n<meta property=\"article:modified_time\" content=\"2024-11-21T01:43:13+00:00\" \/>\n<meta property=\"og:image\" content=\"https:\/\/zaziltunich.com\/wp-content\/uploads\/2024\/10\/Captura-de-pantalla-2024-09-24-211603.webp\" \/>\n\t<meta property=\"og:image:width\" content=\"533\" \/>\n\t<meta property=\"og:image:height\" content=\"755\" \/>\n\t<meta property=\"og:image:type\" content=\"image\/webp\" \/>\n<meta name=\"twitter:card\" content=\"summary_large_image\" \/>\n<meta name=\"twitter:label1\" content=\"Est. reading time\" \/>\n\t<meta name=\"twitter:data1\" content=\"1 minute\" \/>\n<script type=\"application\/ld+json\" class=\"yoast-schema-graph\">{\"@context\":\"https:\/\/schema.org\",\"@graph\":[{\"@type\":\"WebPage\",\"@id\":\"https:\/\/zaziltunich.com\/descargar-guia\/\",\"url\":\"https:\/\/zaziltunich.com\/descargar-guia\/\",\"name\":\"Descargar gu\u00eda - Zazil Tunich - Cenote mas Premiado de Yucat\u00e1n\",\"isPartOf\":{\"@id\":\"https:\/\/zaziltunich.com\/#website\"},\"primaryImageOfPage\":{\"@id\":\"https:\/\/zaziltunich.com\/descargar-guia\/#primaryimage\"},\"image\":{\"@id\":\"https:\/\/zaziltunich.com\/descargar-guia\/#primaryimage\"},\"thumbnailUrl\":\"https:\/\/zaziltunich.com\/wp-content\/uploads\/2024\/10\/Captura-de-pantalla-2024-09-24-211603.webp\",\"datePublished\":\"2024-10-30T00:28:10+00:00\",\"dateModified\":\"2024-11-21T01:43:13+00:00\",\"breadcrumb\":{\"@id\":\"https:\/\/zaziltunich.com\/descargar-guia\/#breadcrumb\"},\"inLanguage\":\"en-US\",\"potentialAction\":[{\"@type\":\"ReadAction\",\"target\":[\"https:\/\/zaziltunich.com\/descargar-guia\/\"]}]},{\"@type\":\"ImageObject\",\"inLanguage\":\"en-US\",\"@id\":\"https:\/\/zaziltunich.com\/descargar-guia\/#primaryimage\",\"url\":\"https:\/\/zaziltunich.com\/wp-content\/uploads\/2024\/10\/Captura-de-pantalla-2024-09-24-211603.webp\",\"contentUrl\":\"https:\/\/zaziltunich.com\/wp-content\/uploads\/2024\/10\/Captura-de-pantalla-2024-09-24-211603.webp\"},{\"@type\":\"BreadcrumbList\",\"@id\":\"https:\/\/zaziltunich.com\/descargar-guia\/#breadcrumb\",\"itemListElement\":[{\"@type\":\"ListItem\",\"position\":1,\"name\":\"Inicio\",\"item\":\"https:\/\/zaziltunich.com\/\"},{\"@type\":\"ListItem\",\"position\":2,\"name\":\"Descargar gu\u00eda\"}]},{\"@type\":\"WebSite\",\"@id\":\"https:\/\/zaziltunich.com\/#website\",\"url\":\"https:\/\/zaziltunich.com\/\",\"name\":\"Zazil Tunich - Cenote mas Premiado de Yucat\u00e1n\",\"description\":\"Cenote en Valladolid, Zazil Tunich el \u00fanico Cenote Museo de M\u00e9xico y m\u00e1s premiado de Yucat\u00e1n, donde conocer\u00e1s la estalactita mas grande de Yucatan, una experiencia \u00fanica sin turismo masivo.\",\"publisher\":{\"@id\":\"https:\/\/zaziltunich.com\/#organization\"},\"potentialAction\":[{\"@type\":\"SearchAction\",\"target\":{\"@type\":\"EntryPoint\",\"urlTemplate\":\"https:\/\/zaziltunich.com\/?s={search_term_string}\"},\"query-input\":{\"@type\":\"PropertyValueSpecification\",\"valueRequired\":true,\"valueName\":\"search_term_string\"}}],\"inLanguage\":\"en-US\"},{\"@type\":\"Organization\",\"@id\":\"https:\/\/zaziltunich.com\/#organization\",\"name\":\"Zazil Tunich - Cenote mas Premiado de Yucat\u00e1n\",\"url\":\"https:\/\/zaziltunich.com\/\",\"logo\":{\"@type\":\"ImageObject\",\"inLanguage\":\"en-US\",\"@id\":\"https:\/\/zaziltunich.com\/#\/schema\/logo\/image\/\",\"url\":\"https:\/\/zaziltunich.com\/wp-content\/uploads\/2024\/10\/2.png\",\"contentUrl\":\"https:\/\/zaziltunich.com\/wp-content\/uploads\/2024\/10\/2.png\",\"width\":4000,\"height\":4000,\"caption\":\"Zazil Tunich - Cenote mas Premiado de Yucat\u00e1n\"},\"image\":{\"@id\":\"https:\/\/zaziltunich.com\/#\/schema\/logo\/image\/\"}}]}<\/script>\n<!-- \/ Yoast SEO Premium plugin. -->","yoast_head_json":{"title":"Descargar gu\u00eda - Zazil Tunich - Cenote mas Premiado de Yucat\u00e1n","robots":{"index":"index","follow":"follow","max-snippet":"max-snippet:-1","max-image-preview":"max-image-preview:large","max-video-preview":"max-video-preview:-1"},"canonical":"https:\/\/zaziltunich.com\/en\/descargar-guia\/","og_locale":"en_US","og_type":"article","og_title":"Descargar gu\u00eda","og_description":"\u00a1Gracias! Haz descargado la Gu\u00eda Tur\u00edstica de Valladolid. Te llegar\u00e1 un correo con el link para descargar. Por Favor revisa tu carpeta de correo de no deseados o spam si no lo haz recibido, y agr\u00e9galo a tu lista , para recibir actualizaciones. Si deseas tambi\u00e9n puede hacer click aqu\u00ed y desc\u00e1rgala ahora Regresar al blog","og_url":"https:\/\/zaziltunich.com\/en\/descargar-guia\/","og_site_name":"Zazil Tunich - Cenote mas Premiado de Yucat\u00e1n","article_modified_time":"2024-11-21T01:43:13+00:00","og_image":[{"width":533,"height":755,"url":"https:\/\/zaziltunich.com\/wp-content\/uploads\/2024\/10\/Captura-de-pantalla-2024-09-24-211603.webp","type":"image\/webp"}],"twitter_card":"summary_large_image","twitter_misc":{"Est. reading time":"1 minute"},"schema":{"@context":"https:\/\/schema.org","@graph":[{"@type":"WebPage","@id":"https:\/\/zaziltunich.com\/descargar-guia\/","url":"https:\/\/zaziltunich.com\/descargar-guia\/","name":"Descargar gu\u00eda - Zazil Tunich - Cenote mas Premiado de Yucat\u00e1n","isPartOf":{"@id":"https:\/\/zaziltunich.com\/#website"},"primaryImageOfPage":{"@id":"https:\/\/zaziltunich.com\/descargar-guia\/#primaryimage"},"image":{"@id":"https:\/\/zaziltunich.com\/descargar-guia\/#primaryimage"},"thumbnailUrl":"https:\/\/zaziltunich.com\/wp-content\/uploads\/2024\/10\/Captura-de-pantalla-2024-09-24-211603.webp","datePublished":"2024-10-30T00:28:10+00:00","dateModified":"2024-11-21T01:43:13+00:00","breadcrumb":{"@id":"https:\/\/zaziltunich.com\/descargar-guia\/#breadcrumb"},"inLanguage":"en-US","potentialAction":[{"@type":"ReadAction","target":["https:\/\/zaziltunich.com\/descargar-guia\/"]}]},{"@type":"ImageObject","inLanguage":"en-US","@id":"https:\/\/zaziltunich.com\/descargar-guia\/#primaryimage","url":"https:\/\/zaziltunich.com\/wp-content\/uploads\/2024\/10\/Captura-de-pantalla-2024-09-24-211603.webp","contentUrl":"https:\/\/zaziltunich.com\/wp-content\/uploads\/2024\/10\/Captura-de-pantalla-2024-09-24-211603.webp"},{"@type":"BreadcrumbList","@id":"https:\/\/zaziltunich.com\/descargar-guia\/#breadcrumb","itemListElement":[{"@type":"ListItem","position":1,"name":"Inicio","item":"https:\/\/zaziltunich.com\/"},{"@type":"ListItem","position":2,"name":"Descargar gu\u00eda"}]},{"@type":"WebSite","@id":"https:\/\/zaziltunich.com\/#website","url":"https:\/\/zaziltunich.com\/","name":"Zazil Tunich - Cenote mas Premiado de Yucat\u00e1n","description":"Cenote en Valladolid, Zazil Tunich el \u00fanico Cenote Museo de M\u00e9xico y m\u00e1s premiado de Yucat\u00e1n, donde conocer\u00e1s la estalactita mas grande de Yucatan, una experiencia \u00fanica sin turismo masivo.","publisher":{"@id":"https:\/\/zaziltunich.com\/#organization"},"potentialAction":[{"@type":"SearchAction","target":{"@type":"EntryPoint","urlTemplate":"https:\/\/zaziltunich.com\/?s={search_term_string}"},"query-input":{"@type":"PropertyValueSpecification","valueRequired":true,"valueName":"search_term_string"}}],"inLanguage":"en-US"},{"@type":"Organization","@id":"https:\/\/zaziltunich.com\/#organization","name":"Zazil Tunich - Cenote mas Premiado de Yucat\u00e1n","url":"https:\/\/zaziltunich.com\/","logo":{"@type":"ImageObject","inLanguage":"en-US","@id":"https:\/\/zaziltunich.com\/#\/schema\/logo\/image\/","url":"https:\/\/zaziltunich.com\/wp-content\/uploads\/2024\/10\/2.png","contentUrl":"https:\/\/zaziltunich.com\/wp-content\/uploads\/2024\/10\/2.png","width":4000,"height":4000,"caption":"Zazil Tunich - Cenote mas Premiado de Yucat\u00e1n"},"image":{"@id":"https:\/\/zaziltunich.com\/#\/schema\/logo\/image\/"}}]}},"taxonomy_info":[],"featured_image_src_large":false,"author_info":{"display_name":"Zazil Tunich Xibalba","author_link":"https:\/\/zaziltunich.com\/en\/blog\/author\/gededvalladolid-com-mx\/"},"comment_info":0,"_links":{"self":[{"href":"https:\/\/zaziltunich.com\/en\/wp-json\/wp\/v2\/pages\/30838"}],"collection":[{"href":"https:\/\/zaziltunich.com\/en\/wp-json\/wp\/v2\/pages"}],"about":[{"href":"https:\/\/zaziltunich.com\/en\/wp-json\/wp\/v2\/types\/page"}],"author":[{"embeddable":true,"href":"https:\/\/zaziltunich.com\/en\/wp-json\/wp\/v2\/users\/1"}],"replies":[{"embeddable":true,"href":"https:\/\/zaziltunich.com\/en\/wp-json\/wp\/v2\/comments?post=30838"}],"version-history":[{"count":0,"href":"https:\/\/zaziltunich.com\/en\/wp-json\/wp\/v2\/pages\/30838\/revisions"}],"wp:attachment":[{"href":"https:\/\/zaziltunich.com\/en\/wp-json\/wp\/v2\/media?parent=30838"}],"curies":[{"name":"wp","href":"https:\/\/api.w.org\/{rel}","templated":true}]}}